{"id":54,"date":"2013-10-28T10:45:11","date_gmt":"2013-10-28T10:45:11","guid":{"rendered":"http:\/\/dem2.olevmedia.net\/beep\/?page_id=54"},"modified":"2020-11-06T17:58:07","modified_gmt":"2020-11-06T14:58:07","slug":"homepage","status":"publish","type":"page","link":"https:\/\/www.varkim.com.tr\/","title":{"rendered":"Anasayfa"},"content":{"rendered":"\n<div id=\"rev_slider_16_1_wrapper\" class=\"rev_slider_wrapper fullwidthbanner-container\" data-source=\"gallery\" style=\"margin:0px auto;background-color:transparent;padding:0px;margin-top:0px;margin-bottom:0px;\">\n<!-- START REVOLUTION SLIDER 5.3.1.5 fullwidth mode -->\n\t<div id=\"rev_slider_16_1\" class=\"rev_slider fullwidthabanner\" style=\"display:none;\" data-version=\"5.3.1.5\">\n<ul>\t<!-- SLIDE  -->\n\t<li data-index=\"rs-30\" data-transition=\"fade\" data-slotamount=\"default\" data-hideafterloop=\"0\" data-hideslideonmobile=\"off\"  data-easein=\"default\" data-easeout=\"default\" data-masterspeed=\"300\"  data-thumb=\"https:\/\/www.varkim.com.tr\/wp-content\/uploads\/2018\/03\/pano-100x50.png\"  data-rotate=\"0\"  data-saveperformance=\"off\"  data-title=\"Slide\" data-param1=\"\" data-param2=\"\" data-param3=\"\" data-param4=\"\" data-param5=\"\" data-param6=\"\" data-param7=\"\" data-param8=\"\" data-param9=\"\" data-param10=\"\" data-description=\"\">\n\t\t<!-- MAIN IMAGE -->\n\t\t<img src=\"https:\/\/www.varkim.com.tr\/wp-content\/plugins\/revslider\/admin\/assets\/images\/dummy.png\"  alt=\"\" title=\"pano\"  width=\"1347\" height=\"399\" data-lazyload=\"https:\/\/www.varkim.com.tr\/wp-content\/uploads\/2018\/03\/pano.png\" data-bgposition=\"center center\" data-bgfit=\"cover\" data-bgparallax=\"off\" class=\"rev-slidebg\" data-no-retina>\n\t\t<!-- LAYERS -->\n\n\t\t<!-- BACKGROUND VIDEO LAYER -->\n\t\t<div class=\"rs-background-video-layer\" \n\t\t\tdata-forcerewind=\"on\" \n\t\t\tdata-volume=\"mute\" \n\t\t\tdata-ytid=\"YyV75YdFBb0\" \n\t\t\tdata-videoattributes=\"version=3&amp;enablejsapi=1&amp;html5=1&amp;hd=1&wmode=opaque&showinfo=0&rel=0;;origin=https:\/\/www.varkim.com.tr;\" \n\t\t\tdata-videorate=\"1\" \n\t\t\tdata-videowidth=\"100%\" \n\t\t\tdata-videoheight=\"100%\" \n\t\t\tdata-videocontrols=\"none\" \n\t\t\tdata-videoloop=\"loopandnoslidestop\" \n\t\t\tdata-forceCover=\"1\" \n\t\t\tdata-aspectratio=\"4:3\" \n\t\t\tdata-autoplay=\"true\" \n\t\t\tdata-autoplayonlyfirsttime=\"false\" \n><\/div>\n\t\t<!-- LAYER NR. 1 -->\n\t\t<div class=\"tp-caption   tp-resizeme\" \n\t\t\t id=\"slide-30-layer-1\" \n\t\t\t data-x=\"1102\" \n\t\t\t data-y=\"530\" \n\t\t\t\t\t\tdata-width=\"['none','none','none','none']\"\n\t\t\tdata-height=\"['none','none','none','none']\"\n \n\t\t\tdata-type=\"image\" \n\t\t\tdata-responsive_offset=\"on\" \n\n\t\t\tdata-frames='[{\"delay\":0,\"speed\":1500,\"frame\":\"0\",\"to\":\"o:1;\",\"ease\":\"Power3.easeInOut\"},{\"delay\":\"wait\",\"speed\":300,\"frame\":\"999\",\"to\":\"opacity:0;\",\"ease\":\"Power3.easeInOut\"}]'\n\t\t\tdata-textAlign=\"['inherit','inherit','inherit','inherit']\"\n\t\t\tdata-paddingtop=\"[0,0,0,0]\"\n\t\t\tdata-paddingright=\"[0,0,0,0]\"\n\t\t\tdata-paddingbottom=\"[0,0,0,0]\"\n\t\t\tdata-paddingleft=\"[0,0,0,0]\"\n\n\t\t\tstyle=\"z-index: 5;\"><img src=\"https:\/\/www.varkim.com.tr\/wp-content\/plugins\/revslider\/admin\/assets\/images\/dummy.png\" alt=\"\" data-ww=\"184px\" data-hh=\"61px\" data-lazyload=\"https:\/\/joysistem.net\/demo\/varkim\/wp-content\/uploads\/2018\/01\/varkim1.png\" data-no-retina> <\/div>\n\t<\/li>\n<\/ul>\n<div class=\"tp-bannertimer tp-bottom\" style=\"visibility: hidden !important;\"><\/div>\t<\/div>\n<script>var htmlDiv = document.getElementById(\"rs-plugin-settings-inline-css\"); var htmlDivCss=\"\";\r\n\t\t\t\tif(htmlDiv) {\r\n\t\t\t\t\thtmlDiv.innerHTML = htmlDiv.innerHTML + htmlDivCss;\r\n\t\t\t\t}else{\r\n\t\t\t\t\tvar htmlDiv = document.createElement(\"div\");\r\n\t\t\t\t\thtmlDiv.innerHTML = \"<style>\" + htmlDivCss + \"<\/style>\";\r\n\t\t\t\t\tdocument.getElementsByTagName(\"head\")[0].appendChild(htmlDiv.childNodes[0]);\r\n\t\t\t\t}\r\n\t\t\t<\/script>\n\t\t<script type=\"text\/javascript\">\r\n\t\t\t\t\t\t\/******************************************\r\n\t\t\t\t-\tPREPARE PLACEHOLDER FOR SLIDER\t-\r\n\t\t\t******************************************\/\r\n\r\n\t\t\tvar setREVStartSize=function(){\r\n\t\t\t\ttry{var e=new Object,i=jQuery(window).width(),t=9999,r=0,n=0,l=0,f=0,s=0,h=0;\r\n\t\t\t\t\te.c = jQuery('#rev_slider_16_1');\r\n\t\t\t\t\te.gridwidth = [1000];\r\n\t\t\t\t\te.gridheight = [400];\r\n\t\t\t\t\t\t\t\r\n\t\t\t\t\te.sliderLayout = \"fullwidth\";\r\n\t\t\t\t\tif(e.responsiveLevels&&(jQuery.each(e.responsiveLevels,function(e,f){f>i&&(t=r=f,l=e),i>f&&f>r&&(r=f,n=e)}),t>r&&(l=n)),f=e.gridheight[l]||e.gridheight[0]||e.gridheight,s=e.gridwidth[l]||e.gridwidth[0]||e.gridwidth,h=i\/s,h=h>1?1:h,f=Math.round(h*f),\"fullscreen\"==e.sliderLayout){var u=(e.c.width(),jQuery(window).height());if(void 0!=e.fullScreenOffsetContainer){var c=e.fullScreenOffsetContainer.split(\",\");if (c) jQuery.each(c,function(e,i){u=jQuery(i).length>0?u-jQuery(i).outerHeight(!0):u}),e.fullScreenOffset.split(\"%\").length>1&&void 0!=e.fullScreenOffset&&e.fullScreenOffset.length>0?u-=jQuery(window).height()*parseInt(e.fullScreenOffset,0)\/100:void 0!=e.fullScreenOffset&&e.fullScreenOffset.length>0&&(u-=parseInt(e.fullScreenOffset,0))}f=u}else void 0!=e.minHeight&&f<e.minHeight&&(f=e.minHeight);e.c.closest(\".rev_slider_wrapper\").css({height:f})\r\n\t\t\t\t\t\r\n\t\t\t\t}catch(d){console.log(\"Failure at Presize of Slider:\"+d)}\r\n\t\t\t};\r\n\t\t\t\r\n\t\t\tsetREVStartSize();\r\n\t\t\t\r\n\t\t\t\t\t\tvar tpj=jQuery;\r\n\t\t\t\r\n\t\t\tvar revapi16;\r\n\t\t\ttpj(document).ready(function() {\n\t\t\t\tif(tpj(\"#rev_slider_16_1\").revolution == undefined){\n\t\t\t\t\trevslider_showDoubleJqueryError(\"#rev_slider_16_1\");\n\t\t\t\t}else{\n\t\t\t\t\trevapi16 = tpj(\"#rev_slider_16_1\").show().revolution({\n\t\t\t\t\t\tsliderType:\"hero\",\njsFileLocation:\"\/\/www.varkim.com.tr\/wp-content\/plugins\/revslider\/public\/assets\/js\/\",\n\t\t\t\t\t\tsliderLayout:\"fullwidth\",\n\t\t\t\t\t\tdottedOverlay:\"none\",\n\t\t\t\t\t\tdelay:9000,\n\t\t\t\t\t\tnavigation: {\n\t\t\t\t\t\t},\n\t\t\t\t\t\tvisibilityLevels:[1240,1024,778,480],\n\t\t\t\t\t\tgridwidth:1000,\n\t\t\t\t\t\tgridheight:400,\n\t\t\t\t\t\tlazyType:\"smart\",\n\t\t\t\t\t\tparallax: {\n\t\t\t\t\t\t\ttype:\"mouse\",\n\t\t\t\t\t\t\torigo:\"slidercenter\",\n\t\t\t\t\t\t\tspeed:2000,\n\t\t\t\t\t\t\tlevels:[2,3,4,5,6,7,12,16,10,50,47,48,49,50,51,55],\n\t\t\t\t\t\t},\n\t\t\t\t\t\tshadow:0,\n\t\t\t\t\t\tspinner:\"off\",\n\t\t\t\t\t\tautoHeight:\"off\",\n\t\t\t\t\t\tdisableProgressBar:\"on\",\n\t\t\t\t\t\thideThumbsOnMobile:\"on\",\n\t\t\t\t\t\thideSliderAtLimit:0,\n\t\t\t\t\t\thideCaptionAtLimit:0,\n\t\t\t\t\t\thideAllCaptionAtLilmit:0,\n\t\t\t\t\t\tdebugMode:false,\n\t\t\t\t\t\tfallbacks: {\n\t\t\t\t\t\t\tsimplifyAll:\"off\",\n\t\t\t\t\t\t\tdisableFocusListener:false,\n\t\t\t\t\t\t}\n\t\t\t\t\t});\n\t\t\t\t}\n\t\t\t});\t\/*ready*\/\n\t\t<\/script>\r\n\t\t<\/div><!-- END REVOLUTION SLIDER -->\n<div class=\"omsc-one-third\">\n<h4><\/h4>\n<h4><span style=\"color: #333333;\"><a href=\"http:\/\/www.varkim.com.tr\/?page_id=2917 \"><span style=\"font-size: 1em; line-height: 1.5em; color: #333333;\">End\u00fcstri Kimyasallar\u0131<\/span><\/a><\/span><\/h4>\n<p><span style=\"color: #808080;\"><a href=\"http:\/\/www.varkim.com.tr\/?page_id=2917 \"><span style=\"color: #808080;\"><span class=\"omsc-dropcap\" style=\"font-size:220%\"><img loading=\"lazy\" class=\"lazyload alignnone size-full wp-image-4474\" alt=\"\" data-original=\"http:\/\/www.varkim.com.tr\/wp-content\/uploads\/2013\/10\/b4119ead-8912-41b0-a05a-a9823c3a64cd.jpg\" width=\"65\" height=\"62\" \/><\/span> Firma portf\u00f6y\u00fcnde silikon ya\u011flar\u0131, em\u00fclsiyonlar, pastalar, ayiricilar, ve spezial kimyasallara kadar bir\u00e7ok \u00fcr\u00fcn bulunmaktad\u0131r!<div class=\"clear\"><\/div><\/div><div class=\"omsc-one-third\"><\/span><\/a><\/span><\/p>\n<h4><span style=\"color: #333333;\"><a href=\"http:\/\/www.varkim.com.tr\/?page_id=2982\"><span style=\"color: #333333;\">Yap\u0131 Kimyasallar\u0131<\/span><\/a><\/span><\/h4>\n<p><span style=\"color: #808080;\"><a href=\"http:\/\/www.varkim.com.tr\/?page_id=2982\"><span style=\"color: #808080;\"><span class=\"omsc-dropcap\" style=\"font-size:220%\"><img loading=\"lazy\" class=\"lazyload alignnone size-full wp-image-4396\" alt=\"\" data-original=\"http:\/\/www.varkim.com.tr\/wp-content\/uploads\/2013\/10\/8.jpg\" width=\"63\" height=\"61\" \/><\/span>\u00dcr\u00fcnlerimiz mineral yap\u0131lar\u0131n y\u00fczeylerinde herhangi bir de\u011fi\u015fikli\u011fe maruz b\u0131rakmadan uzun vadeli, etkili ve dayan\u0131kl\u0131 koruma sa\u011fl\u0131yoruz!<div class=\"clear\"><\/div><\/div><div class=\"omsc-one-third omsc-last\"><\/span><\/a><\/span><\/p>\n<h4><span style=\"color: #333333;\"><a href=\"http:\/\/www.varkim.com.tr\/?page_id=2997\"><span style=\"color: #333333;\">Solvent Bazl\u0131 Cilalar<\/span><\/a><\/span><\/h4>\n<p><span style=\"color: #808080;\"><a href=\"http:\/\/www.varkim.com.tr\/?page_id=2997\"><span style=\"color: #808080;\"><span class=\"omsc-dropcap\" style=\"font-size:220%\"><img loading=\"lazy\" class=\"lazyload alignnone size-full wp-image-4396\" alt=\"\" data-original=\"http:\/\/www.varkim.com.tr\/wp-content\/uploads\/2013\/10\/6.jpg\" width=\"63\" height=\"61\" \/><\/span>Kalite, g\u00fcvence ve deneyimi ile ah\u015fap aksamlar\u0131n \u00f6mr\u00fcn\u00fc uygulamaya y\u00f6nelik teknik deste\u011fimizle g\u00fc\u00e7lendiriyoruz! <div class=\"clear\"><\/div><\/div><div class=\"omsc-clear\"><\/div> <div class=\"omsc-one-third\"><\/span><\/a><\/span><\/p>\n<h4><span style=\"color: #333333;\"><a href=\"http:\/\/www.varkim.com.tr\/?page_id=3012\"><span style=\"font-size: 1em; line-height: 1.5em; color: #333333;\">Su Bazl\u0131 Boya ve Cilalar<\/span><\/a><\/span><\/h4>\n<p><span style=\"color: #808080;\"><a href=\"http:\/\/www.varkim.com.tr\/?page_id=3012\"><span style=\"color: #808080;\"><span class=\"omsc-dropcap\" style=\"font-size:220%\"><img loading=\"lazy\" class=\"lazyload alignnone size-full wp-image-4396\" alt=\"\" data-original=\"http:\/\/www.varkim.com.tr\/wp-content\/uploads\/2013\/10\/4.jpg\" width=\"63\" height=\"61\" \/><\/span>\u0130\u00e7 ve D\u0131\u015f mekanlarda dekoratif ah\u015fap y\u00fczeyler i\u00e7in su bazl\u0131 Boyalar, Cilalar, Ah\u015fap Ya\u011flar ve \u00d6zel \u00fcr\u00fcnleri sizlerle bulu\u015fturuyoruz!<div class=\"clear\"><\/div><\/div><div class=\"omsc-one-third\"><\/span><\/a><\/span><\/p>\n<h4><span style=\"color: #333333;\"><a href=\"http:\/\/www.varkim.com.tr\/?page_id=3044\"><span style=\"color: #333333;\">Emprenye \u00dcr\u00fcnleri<\/span><\/a><\/span><\/h4>\n<p><span style=\"color: #808080;\"><a href=\"http:\/\/www.varkim.com.tr\/?page_id=3044\"><span style=\"color: #808080;\"><span class=\"omsc-dropcap\" style=\"font-size:220%\"><img loading=\"lazy\" class=\"lazyload alignnone size-full wp-image-4396\" alt=\"\" data-original=\"http:\/\/www.varkim.com.tr\/wp-content\/uploads\/2013\/10\/7.jpg\" width=\"63\" height=\"61\" \/><\/span>Kromlu, kromsuz her t\u00fcrl\u00fc dald\u0131rma ve vakum bas\u0131n\u00e7 emprenye \u00fcr\u00fcnlerinin yan\u0131s\u0131ra Alman kalite ve mentalitesiyle teknik destekle yan\u0131n\u0131zday\u0131z! <div class=\"clear\"><\/div><\/div><div class=\"omsc-one-third omsc-last\"><\/span><\/a><\/span><\/p>\n<h4><span style=\"color: #333333;\"><a href=\"http:\/\/www.varkim.com.tr\/?page_id=3057\"><span style=\"color: #333333;\">End\u00fcstri Boyalar\u0131<\/span><\/a><\/span><\/h4>\n<p><span style=\"color: #808080;\"><a href=\"http:\/\/www.varkim.com.tr\/?page_id=3057\"><span style=\"color: #808080;\"><span class=\"omsc-dropcap\" style=\"font-size:220%\"><img loading=\"lazy\" class=\"lazyload alignnone size-full wp-image-4396\" alt=\"\" data-original=\"http:\/\/www.varkim.com.tr\/wp-content\/uploads\/2013\/10\/2.jpg\" width=\"63\" height=\"61\" \/><\/span>Ara kat astarlarla hem \u00f6rt\u00fcc\u00fc hem de yar\u0131 \u015feffaf sistemlerde son kat uygulama i\u00e7in ka\u00e7\u0131n\u0131lmaz \u00fcr\u00fcnlerdir!<div class=\"clear\"><\/div><\/div><div class=\"omsc-clear\"><\/div><div class=\"omsc-clear\" style=\"height:50px\"><\/div> <div class=\"omsc-full-width-section\" style=\"background-color:#f5f4f0;color:#666666;background-image:url(http:\/\/m.olevmedia.net\/wp-content\/uploads\/2014\/01\/desktop.jpg);background-size: cover;background-attachment:fixed\"><div class=\"omsc-full-width-section-inner\"><div class=\"omsc-full-width-section-content\"><div class=\"container\"><div class=\"container-inner\"><div class=\"omsc-clear\" style=\"height:50px\"><\/div> <div class=\"omsc-one-third\"><div class=\"omsc-animation omsc-animation-almost-visible omsc-effect-flip-y\" data-animation-delay=\"200\"><\/span><\/a><\/span><img class=\"lazyload\" loading=\"lazy\" alt=\"Top Team\" data-original=\"http:\/\/varkim.com.tr\/en\/animation\/koranol.gif\" width=\"1000\" height=\"630\" \/><\/p>\n<h3>Koranol<\/h3>\n<p>Alman Men\u015feli. Yar\u0131 \u015feffaf ah\u015fap koruyucular.<br \/>\n<a class=\"more-link post-excerpt-readmore\" href=\"http:\/\/www.varkim.com.tr\/?page_id=2997\">\u00dcr\u00fcn Detay\u0131<\/a><\/p>\n<p><a class=\"omsc-button omsc-no-custom-hover omsc-size-medium omsc-style-emboss omsc-text-bright\" style=\"color: #ffffff;\" href=\"?page_id=4388\">Teklif \u0130ste<\/a> <\/div> <div class=\"clear\"><\/div><\/div><div class=\"omsc-one-third\"><div class=\"omsc-animation omsc-animation-almost-visible omsc-effect-flip-y\" data-animation-delay=\"400\"><img class=\"lazyload\" loading=\"lazy\" alt=\"\u0421ustomer Support\" data-original=\"http:\/\/varkim.com.tr\/en\/animation\/koralan2.gif\" width=\"1000\" height=\"630\" \/><\/p>\n<h3>Koralan<\/h3>\n<p>Alman Men\u015feli. Su bazl\u0131 Astar,Cila, Ah\u015fap Ya\u011flar\u0131 ve \u00d6rt\u00fcc\u00fc Boyalar.<br \/>\n<a class=\"more-link post-excerpt-readmore\" href=\"http:\/\/www.varkim.com.tr\/?page_id=3012\">\u00dcr\u00fcn Detay\u0131<\/a><\/p>\n<p><a class=\"omsc-button omsc-no-custom-hover omsc-size-medium omsc-style-emboss omsc-text-bright\" style=\"color: #ffffff;\" href=\"?page_id=4388\">Teklif \u0130ste<\/a> <\/div> <div class=\"clear\"><\/div><\/div><div class=\"omsc-one-third omsc-last\"><div class=\"omsc-animation omsc-animation-almost-visible omsc-effect-flip-y\" data-animation-delay=\"600\"><img class=\"lazyload\" loading=\"lazy\" alt=\"men-yo2\" data-original=\"http:\/\/varkim.com.tr\/en\/animation\/korasit.gif\" width=\"1000\" height=\"630\" \/><\/p>\n<h3>Korasit<\/h3>\n<p>Alman Men\u015feli. Vakum bas\u0131n\u00e7 emprenye \u00fcr\u00fcnleri Kromlu \/ Kromsuz\u00a0Dald\u0131rma ve P\u00fcsk\u00fcrtme Emprenye Kahverengi\/Ye\u015fil\/\u015eeffaf<br \/>\n<a class=\"more-link post-excerpt-readmore\" href=\"http:\/\/www.varkim.com.tr\/?page_id=3044\">\u00dcr\u00fcn Detay\u0131<\/a><\/p>\n<p><a class=\"omsc-button omsc-no-custom-hover omsc-size-medium omsc-style-emboss omsc-text-bright\" style=\"color: #ffffff;\" href=\"?page_id=4388\">Teklif \u0130ste<\/a> <\/div><div class=\"clear\"><\/div><\/div><div class=\"omsc-clear\"><\/div> <div class=\"omsc-clear\" style=\"height:40px\"><\/div><\/div><\/div><\/div><\/div><\/div> <div class=\"omsc-full-width-section\"><div class=\"omsc-full-width-section-inner\"><div class=\"omsc-full-width-section-content\"><div class=\"container\"><div class=\"container-inner\"><div class=\"omsc-clear\" style=\"height:40px\"><\/div><\/p>\n<h2 style=\"text-align: center; margin-top: 0px;\"><iframe loading=\"lazy\" src=\"https:\/\/www.youtube.com\/embed\/CMjAZjX6Rnc\" height=\"480\" width=\"853\" allowfullscreen=\"\" frameborder=\"0\"><\/iframe><\/h2>\n<h2 style=\"text-align: center; margin-top: 0px;\">\u00c7EVRE DOSTU HER T\u00dcRL\u00dc K\u0130MYASAL VARK\u0130M&#8217;DE.<\/h2>\n<h2 style=\"text-align: center; margin-top: 0px;\">VARK\u0130M AVRUPA DEVLER\u0130 \u0130LE S\u0130ZLERE KAL\u0130TEL\u0130 H\u0130ZMET SUNUYOR.<\/h2>\n<h2 style=\"text-align: center; margin-top: 0px;\">MADE IN GERMANY<\/h2>\n<p><div class=\"omsc-animation omsc-animation-almost-visible omsc-effect-fade-btt\" data-animation-delay=\"100\"><div class=\"omsc-logos\"><div class=\"omsc-logos-item\"><img class=\"lazyload\" loading=\"lazy\" alt=\"6-cropped\" data-original=\"http:\/\/varkim.com.tr\/images\/kora-logo.jpg\" width=\"120\" height=\"78\" \/><\/div><div class=\"omsc-logos-item\"><img class=\"lazyload\" loading=\"lazy\" alt=\"7-cropped\" data-original=\"http:\/\/varkim.com.tr\/images\/logo_kajo.png\" width=\"107\" height=\"86\" \/><\/div><div class=\"omsc-logos-item\"><img class=\"lazyload\" loading=\"lazy\" alt=\"4-cropped\" data-original=\"http:\/\/varkim.com.tr\/maleki.jpg\" width=\"147\" height=\"55\" \/><\/div><div class=\"omsc-clear\"><\/div><\/div> <div class=\"omsc-clear\" style=\"height:20px\"><\/div><br \/>\n<\/div> <\/div><\/div><\/div><\/div><\/div> <div class=\"omsc-full-width-section\" style=\"background-color:#3b3b3b;background-image:url(http:\/\/m.olevmedia.net\/wp-content\/uploads\/2014\/01\/2men-background.jpg);background-size: cover;background-attachment:fixed\"><div class=\"omsc-full-width-section-inner\"><div class=\"omsc-full-width-section-content\"><div class=\"container\"><div class=\"container-inner\"> <div class=\"omsc-clear\" style=\"height:10px\"><\/div><\/p>\n<div style=\"text-align: center;\">\n<div class=\"omsc-animation omsc-animation-almost-visible omsc-effect-fade-ttb\" data-animation-delay=\"200\">\n<h2><span style=\"color: #d8d8d8; margin-bottom: 0.1em;\">Bilgi i\u00e7in <span style=\"color: #9e7d13;\">+90 232 232 0003<\/span> bizi aray\u0131n veya info@varkim.com.tr mail g\u00f6nderin.<\/span><\/h2>\n<p><span style=\"color: #d8d8d8;\">Bundan b\u00f6yle dostlu\u011fumuzun devam\u0131n\u0131 ve bizimle yapaca\u011f\u0131n\u0131z i\u015fbirli\u011finin ne denli do\u011fru ve yararl\u0131 bir karar oldu\u011funu sizlere g\u00f6stermeye kararl\u0131y\u0131z.<\/span><\/p>\n<p>Hep birlikte sa\u011fl\u0131kl\u0131 ve bol kazan\u00e7l\u0131 g\u00fcnleri payla\u015fmak dileklerimizle&#8230;<\/p>\n<p>Sayg\u0131lar\u0131m\u0131zla<\/div> <div class=\"omsc-clear\" style=\"height:10px\"><\/div> <div class=\"omsc-animation omsc-animation-almost-visible omsc-effect-flip-x\" data-animation-delay=\"500\"><a class=\"omsc-button omsc-custom-hover omsc-size-large omsc-with-icon omsc-style-border omsc-text-bright\" href=\"?page_id=1563\" style=\"border-color:#d8d8d8;color:#d8d8d8\" data-hover-bg-color=\"#d8d8d8\" data-hover-text-color=\"#000000\" data-hover-border-color=\"#d8d8d8\"><i class=\"fa fa-envelope\"><\/i>\u0130leti\u015fime Ge\u00e7<\/a><\/div><\/p>\n<\/div>\n<p><div class=\"omsc-clear\" style=\"height:15px\"><\/div> <\/div><\/div><\/div><\/div><\/div><\/p>\n","protected":false},"excerpt":{"rendered":"","protected":false},"author":1,"featured_media":0,"parent":0,"menu_order":0,"comment_status":"open","ping_status":"open","template":"template-100width.php","meta":[],"_links":{"self":[{"href":"https:\/\/www.varkim.com.tr\/index.php?rest_route=\/wp\/v2\/pages\/54"}],"collection":[{"href":"https:\/\/www.varkim.com.tr\/index.php?rest_route=\/wp\/v2\/pages"}],"about":[{"href":"https:\/\/www.varkim.com.tr\/index.php?rest_route=\/wp\/v2\/types\/page"}],"author":[{"embeddable":true,"href":"https:\/\/www.varkim.com.tr\/index.php?rest_route=\/wp\/v2\/users\/1"}],"replies":[{"embeddable":true,"href":"https:\/\/www.varkim.com.tr\/index.php?rest_route=%2Fwp%2Fv2%2Fcomments&post=54"}],"version-history":[{"count":107,"href":"https:\/\/www.varkim.com.tr\/index.php?rest_route=\/wp\/v2\/pages\/54\/revisions"}],"predecessor-version":[{"id":5372,"href":"https:\/\/www.varkim.com.tr\/index.php?rest_route=\/wp\/v2\/pages\/54\/revisions\/5372"}],"wp:attachment":[{"href":"https:\/\/www.varkim.com.tr\/index.php?rest_route=%2Fwp%2Fv2%2Fmedia&parent=54"}],"curies":[{"name":"wp","href":"https:\/\/api.w.org\/{rel}","templated":true}]}}