{"id":3446,"date":"2017-04-05T00:35:36","date_gmt":"2017-04-04T21:35:36","guid":{"rendered":"http:\/\/joysistem.net\/demo\/varkim\/?page_id=3446"},"modified":"2018-04-02T16:30:18","modified_gmt":"2018-04-02T13:30:18","slug":"son-kat-uygulama-urunleri","status":"publish","type":"page","link":"https:\/\/www.varkim.com.tr\/?page_id=3446","title":{"rendered":"Son Kat Uygulama \u00dcr\u00fcnleri"},"content":{"rendered":"<h2>SON KAT <strong>UYGULAMA \u00dcR\u00dcNLER\u0130<a href=\"http:\/\/www.varkim.com.tr\/?page_id=4388\"><img loading=\"lazy\" class=\"lazyload size-full wp-image-4915 alignright\" alt=\"boyundiskisiparisver\" data-original=\"http:\/\/www.varkim.com.tr\/wp-content\/uploads\/2018\/02\/boyundiskisiparisver2.png\" width=\"200\" height=\"56\" \/><\/a><\/strong><strong><\/strong><\/h2>\n<p><em>Son kat \u00f6rt\u00fcc\u00fc boya veya yar\u0131 \u015feffaf Finisch cilalar ile m\u00fckemmel bir ah\u015fap y\u00fczey elde edildi\u011fi gibi, kal\u0131c\u0131 ve koruyucu \u00f6zelli\u011fe sahiptir.<\/em><\/p>\n<div id=\"c410\">\n<div id=\"c412\">\n<div id=\"c422\">\n<div id=\"c426\">\n<div id=\"c\">\n<h2><strong>Endbeschichtungen<\/strong><\/h2>\n<p>Lasur Finish<\/p>\n<p><em>Su bazl\u0131, film olu\u015fturan, p\u00fcsk\u00fcrtme i\u015flemine uygun haz\u0131rlanm\u0131\u015f, f\u0131r\u00e7ayla da uygulanabilen, \u00e7anak veya i\u011fne yaprakl\u0131 ah\u015fap aksamlar\u0131 (Kap\u0131, pencere vs.) korur ve dekoratif g\u00f6r\u00fcn\u00fcm kazand\u0131r\u0131r.<\/em><\/p>\n<p><em>Renk tonlar\u0131: Kartela<\/em><\/p>\n<p><em>Kat kal\u0131nl\u0131\u011f\u0131: 250 \u00b5m\/ml Islak film\u00a0<\/em><\/p>\n<p><em>Ambalaj: 2,5 Ltr. ve 20 Ltr.<\/em><\/p>\n<h2><strong>Endbeschichtungen<\/strong><\/h2>\n<p>Decklack Spezial Wei\u00df<\/p>\n<p><em>Su bazl\u0131, \u00f6rt\u00fcc\u00fc beyaz lake boya, p\u00fcsk\u00fcrtme i\u015flemine uygun haz\u0131rlanm\u0131\u015f, f\u0131r\u00e7ayla da uygulanabilen, \u00e7anak veya i\u011fne yaprakl\u0131 ah\u015fap aksamlar\u0131 (Kap\u0131, pencere vs.) korur ve dekoratif g\u00f6r\u00fcn\u00fcm kazand\u0131r\u0131r.<\/em><\/p>\n<p><em>Di\u011fer \u00f6zel RAL ve NCS renk tonlar\u0131 i\u00e7in l\u00fctfen bizi aray\u0131n\u0131z.<\/em><\/p>\n<p><em>Kat kal\u0131nl\u0131\u011f\u0131: 250 \u00b5m\/ml Islak film<\/em><\/p>\n<p><em>Ambalaj: 2,5 Ltr. ve 20 Ltr.<\/em><\/p>\n<\/div>\n<\/div>\n<\/div>\n<\/div>\n<\/div>\n","protected":false},"excerpt":{"rendered":"<p>SON KAT UYGULAMA \u00dcR\u00dcNLER\u0130 Son kat \u00f6rt\u00fcc\u00fc boya veya yar\u0131 \u015feffaf Finisch cilalar ile m\u00fckemmel bir ah\u015fap y\u00fczey elde edildi\u011fi gibi, kal\u0131c\u0131 ve koruyucu \u00f6zelli\u011fe&hellip;<\/p>\n<p><a href=\"https:\/\/www.varkim.com.tr\/?page_id=3446\" class=\"more-link post-excerpt-readmore\">Devam\u0131n\u0131 oku<\/a><\/p>\n","protected":false},"author":1,"featured_media":0,"parent":0,"menu_order":0,"comment_status":"open","ping_status":"open","template":"","meta":[],"_links":{"self":[{"href":"https:\/\/www.varkim.com.tr\/index.php?rest_route=\/wp\/v2\/pages\/3446"}],"collection":[{"href":"https:\/\/www.varkim.com.tr\/index.php?rest_route=\/wp\/v2\/pages"}],"about":[{"href":"https:\/\/www.varkim.com.tr\/index.php?rest_route=\/wp\/v2\/types\/page"}],"author":[{"embeddable":true,"href":"https:\/\/www.varkim.com.tr\/index.php?rest_route=\/wp\/v2\/users\/1"}],"replies":[{"embeddable":true,"href":"https:\/\/www.varkim.com.tr\/index.php?rest_route=%2Fwp%2Fv2%2Fcomments&post=3446"}],"version-history":[{"count":4,"href":"https:\/\/www.varkim.com.tr\/index.php?rest_route=\/wp\/v2\/pages\/3446\/revisions"}],"predecessor-version":[{"id":4988,"href":"https:\/\/www.varkim.com.tr\/index.php?rest_route=\/wp\/v2\/pages\/3446\/revisions\/4988"}],"wp:attachment":[{"href":"https:\/\/www.varkim.com.tr\/index.php?rest_route=%2Fwp%2Fv2%2Fmedia&parent=3446"}],"curies":[{"name":"wp","href":"https:\/\/api.w.org\/{rel}","templated":true}]}}