{"id":3057,"date":"2017-03-23T22:56:25","date_gmt":"2017-03-23T20:56:25","guid":{"rendered":"http:\/\/joysistem.net\/demo\/varkim\/?page_id=3057"},"modified":"2018-03-01T08:38:52","modified_gmt":"2018-03-01T06:38:52","slug":"endustri-boyalari","status":"publish","type":"page","link":"https:\/\/www.varkim.com.tr\/?page_id=3057","title":{"rendered":"END\u00dcSTR\u0130 BOYALARI"},"content":{"rendered":"<h1>END\u00dcSTR\u0130 <strong>BOYALARI<\/strong><strong><br \/>\n<\/strong><\/h1>\n<p><strong>Ara Kat Astarlar<br \/>\n<img class=\"lazyload alignright\" alt=\"\" data-original=\"https:\/\/encrypted-tbn1.gstatic.com\/images?q=tbn:ANd9GcTy7178YnQXzR5FWV7oLHVT46XKqBtT6oJI2X0q8F5SufI0XpF-\" \/><\/strong><br \/>\nAra kat astarlarla hem \u00f6rt\u00fcc\u00fc hem de yar\u0131 \u015feffaf sistemlerde son kat uygulama i\u00e7in ka\u00e7\u0131n\u0131lmaz bir \u00fcr\u00fcnd\u00fcr. A\u00e7\u0131k tonlardaki \u00f6rt\u00fcc\u00fc sistemlerde, ara kat astarlar, ah\u015fap i\u00e7eresindeki organik maddelerin y\u00fczeye \u00e7\u0131kmamas\u0131 i\u00e7in bariyer g\u00f6revini g\u00f6r\u00fcr.<br \/>\n<strong>Son kat \u00d6rt\u00fcc\u00fc Boya ve Yar\u0131 \u015eeffaf Cilalar<\/strong><br \/>\nSon kat \u00f6rt\u00fcc\u00fc boya veya yar\u0131 \u015feffaf Finisch cilalar ile m\u00fckemmel bir ah\u015fap y\u00fczey elde edildi\u011fi gibi, kal\u0131c\u0131 ve koruyucu \u00f6zelli\u011fe sahiptir.<\/p>\n<pre><a href=\"http:\/\/www.varkim.com.tr\/?page_id=3080\"><strong>ASTARLAR<\/strong> \u0130\u00e7in T\u0131klay\u0131n\u0131z.<\/a>\r\n<a href=\"http:\/\/www.varkim.com.tr\/?page_id=3440\"><strong>ARA MAM\u00dcL \u00dcR\u00dcNLER<\/strong> \u0130\u00e7in T\u0131klay\u0131n\u0131z.<\/a>\r\n<a href=\"http:\/\/www.varkim.com.tr\/?page_id=3446\"><strong>SON KAT UYGULAMALARI<\/strong> \u0130\u00e7in T\u0131klay\u0131n\u0131z.<\/a>\r\n<a href=\"http:\/\/www.varkim.com.tr\/?page_id=3452\"><strong>VAKUMAT \u00dcR\u00dcNLER<\/strong> \u0130\u00e7in T\u0131klay\u0131n\u0131z.<\/a><\/pre>\n","protected":false},"excerpt":{"rendered":"<p>END\u00dcSTR\u0130 BOYALARI Ara Kat Astarlar Ara kat astarlarla hem \u00f6rt\u00fcc\u00fc hem de yar\u0131 \u015feffaf sistemlerde son kat uygulama i\u00e7in ka\u00e7\u0131n\u0131lmaz bir \u00fcr\u00fcnd\u00fcr. A\u00e7\u0131k tonlardaki \u00f6rt\u00fcc\u00fc&hellip;<\/p>\n<p><a href=\"https:\/\/www.varkim.com.tr\/?page_id=3057\" class=\"more-link post-excerpt-readmore\">Devam\u0131n\u0131 oku<\/a><\/p>\n","protected":false},"author":1,"featured_media":0,"parent":0,"menu_order":0,"comment_status":"open","ping_status":"open","template":"","meta":[],"_links":{"self":[{"href":"https:\/\/www.varkim.com.tr\/index.php?rest_route=\/wp\/v2\/pages\/3057"}],"collection":[{"href":"https:\/\/www.varkim.com.tr\/index.php?rest_route=\/wp\/v2\/pages"}],"about":[{"href":"https:\/\/www.varkim.com.tr\/index.php?rest_route=\/wp\/v2\/types\/page"}],"author":[{"embeddable":true,"href":"https:\/\/www.varkim.com.tr\/index.php?rest_route=\/wp\/v2\/users\/1"}],"replies":[{"embeddable":true,"href":"https:\/\/www.varkim.com.tr\/index.php?rest_route=%2Fwp%2Fv2%2Fcomments&post=3057"}],"version-history":[{"count":7,"href":"https:\/\/www.varkim.com.tr\/index.php?rest_route=\/wp\/v2\/pages\/3057\/revisions"}],"predecessor-version":[{"id":4638,"href":"https:\/\/www.varkim.com.tr\/index.php?rest_route=\/wp\/v2\/pages\/3057\/revisions\/4638"}],"wp:attachment":[{"href":"https:\/\/www.varkim.com.tr\/index.php?rest_route=%2Fwp%2Fv2%2Fmedia&parent=3057"}],"curies":[{"name":"wp","href":"https:\/\/api.w.org\/{rel}","templated":true}]}}