{"id":2992,"date":"2017-02-23T20:38:54","date_gmt":"2017-02-23T18:38:54","guid":{"rendered":"http:\/\/joysistem.net\/demo\/varkim\/?page_id=2992"},"modified":"2018-04-02T17:13:03","modified_gmt":"2018-04-02T14:13:03","slug":"su-bazli-kimyasallar","status":"publish","type":"page","link":"https:\/\/www.varkim.com.tr\/?page_id=2992","title":{"rendered":"Su Bazl\u0131 Kimyasallar"},"content":{"rendered":"<h1>SU BAZLI <strong>K\u0130MYASALLAR<\/strong><a href=\"http:\/\/www.varkim.com.tr\/?page_id=4388\"><img loading=\"lazy\" class=\"lazyload size-full wp-image-4915 alignright\" style=\"font-size: 14px;\" alt=\"boyundiskisiparisver\" data-original=\"http:\/\/www.varkim.com.tr\/wp-content\/uploads\/2018\/02\/boyundiskisiparisver2.png\" width=\"200\" height=\"56\" \/><\/a><\/h1>\n<p><strong><\/strong><strong>KORATECT\u00ae EA-F<\/strong><\/p>\n<p>Su bazl\u0131, solvent i\u00e7ermeyen Polisiloksan em\u00fclsiyon olup, Silikon ve Dispersiyon\u00a0silikat\u00a0renklerde, hidrofob \u00f6zelli\u011fi kazand\u0131rmak icin renge kar\u0131\u015ft\u0131r\u0131labilir. Yine ayn\u0131 zamanda zemine uygulanabilir.<\/p>\n<p><strong>KORATECT\u00ae EA-5<\/strong><br \/>\nSu bazl\u0131, solvent(\u00e7\u00f6z\u00fcc\u00fc) i\u00e7ermeyen silikon re\u00e7ine em\u00fclsiyon olup, em\u00fclsiyon silikon\u00a0re\u00e7ine\u00a0boyalar ve\u00a0silikonlu s\u0131va\u00a0\u00fcretimi i\u00e7in\u00a0ba\u011flay\u0131c\u0131 (Binder).<\/p>\n<p align=\"left\"><strong>KORATECT\u00ae EA-6<\/strong><br \/>\nSu bazl\u0131, solvent i\u00e7ermeyen Silan\/Siloksan bazl\u0131 em\u00fclsiyon olup,\u00a0 \u00e7ok\u00a0ama\u00e7l\u0131 su ve \u0131s\u0131 yal\u0131t\u0131m\u0131nda kullan\u0131lan emicili\u011fi g\u00fc\u00e7l\u00fc, bir \u00e7ok mineral y\u00fczeylerde hidrofob ve astar ama\u00e7l\u0131 kullan\u0131lan emprenye \u00fcr\u00fcn\u00fcd\u00fcr. \u00d6zellikle y\u00fcksek alkali \u00f6zelli\u011fe sahip y\u00fczeylerde de \u00e7ok etkilidir.\u00a0 Kitle\u00a0su yal\u0131t\u0131m\u0131\u00a0i\u00e7in\u00a0\u00e7ok uygundur.<\/p>\n<p><strong>KORATECT\u00ae EA-8<\/strong><br \/>\nSu bazl\u0131, solvent i\u00e7ermeyen Silan\/Siloksan bazl\u0131 em\u00fclsiyon \u00e7ok\u00a0ama\u00e7l\u0131 su ve \u0131s\u0131 yal\u0131t\u0131m\u0131nda kullan\u0131lan emicili\u011fi g\u00fc\u00e7l\u00fc, bir \u00e7ok mineral y\u00fczeylerde hidrofob ve astar ama\u00e7l\u0131 kullan\u0131lan emprenye \u00fcr\u00fcn\u00fcd\u00fcr. \u00d6zellikle y\u00fcksek alkali \u00f6zelli\u011fe sahip y\u00fczeylerde de \u00e7ok etkilidir.\u00a0 Kitle\u00a0su yal\u0131t\u0131m\u0131\u00a0i\u00e7in\u00a0\u00e7ok uygundur.<\/p>\n<p><strong>KORATECT\u00ae C 1<\/strong><br \/>\nAlman BASt-onay\u0131 ile ruhsatl\u0131, su bazl\u0131 solvent i\u00e7ermeyen Silan bazl\u0131, beton ve betonarmeler icin hidrofob kremdir. Kullan\u0131ma haz\u0131r, su ile inceltilmeden kullan\u0131l\u0131r.<\/p>\n<p><strong>KORATECT\u00ae HSC<\/strong><br \/>\nSon derece\u00a0y\u00fcksek oranda konsantre ve\u00a0tiksotropik\u00a0form\u00fcle edilmi\u015f olup, yatay y\u00fczeylerde su, rutubet ve \u0131s\u0131 yal\u0131t\u0131m\u0131nda k\u0131lcal damarlar\u0131n k\u0131r\u0131lmas\u0131nda etki g\u00f6steren emprenye \u00fcr\u00fcnd\u00fcr.<\/p>\n<p><strong>KORATECT\u00ae HZS<\/strong><br \/>\nHer t\u00fcrl\u00fc duvar, zemin i\u00e7erisinde y\u00fckselen ve\u00a0d\u0131\u015f y\u00fczeye vuran\u00a0rutubet ve neme kar\u015f\u0131 yatay\u00a0bariyer\u00a0uygulamalarda inceltilmeden uygulanan su bazl\u0131 bir \u00fcr\u00fcn\u00fcd\u00fcr.<\/p>\n<p><strong>KORATECT\u00ae AAM 35<\/strong><br \/>\nSu bazl\u0131, solvent i\u00e7ermeyen fonksiyonel bir\u00a0silikon\u00a0em\u00fclsiyondur.\u00a0Emicili\u011fi az olan, a\u015f\u0131r\u0131 yo\u011funlu\u011fa sahip beton, mermer\u00a0ve granit gibi y\u00fczeyler i\u00e7in uygun bir \u00fcr\u00fcnd\u00fcr.<\/p>\n<p><strong>KORATECT\u00ae AMF 35<\/strong><br \/>\nSu bazl\u0131, solvent i\u00e7ermeyen fonksiyonel bir\u00a0Siloksan\u00a0em\u00fclsiyondur.\u00a0 D\u0131\u015f cephe boyalar\u0131nda hidrofob\u00a0katk\u0131 maddesi olarak\u00a0kullan\u0131l\u0131r.<\/p>\n<p><strong>KORATECT\u00ae KMS-A<\/strong><br \/>\nSu bazl\u0131,\u00a0kalsiyummetilsilikonat \u00e7\u00f6zeltisidir. \u00a0Fabrikasyon \u00fcretimi yap\u0131lan kire\u00e7li ta\u015flar\u00a0 ve di\u011fer yap\u0131 malzemelerinden olan al\u00e7\u0131, gaz ve g\u00f6zenekli\u00a0beton,\u00a0killi ve basit, hafif dolgu malzemelerinden yap\u0131lan \u00fcr\u00fcnlerin hidrofobunda kullan\u0131lan bir emprenye \u00fcr\u00fcnd\u00fcr.<\/p>\n<p><strong>KORATECT\u00ae KMS-A 2<\/strong><br \/>\nSu bazl\u0131,\u00a0Kaliummethylsilikonat \u00e7\u00f6zeltisi. \u00a0Fabrikasyon \u00fcr\u00fctimi yap\u0131lan kire\u00e7li ta\u015flar\u00a0 ve di\u011fer yap\u0131 malzemelerinden olan al\u00e7\u0131, gaz ve g\u00f6zenekli\u00a0beton,\u00a0killi ve basit, hafif dolgu malzemelerinden yap\u0131lan \u00fcr\u00fcnlerin hidrofobunda kullan\u0131lan bir emprenye \u00fcr\u00fcnd\u00fcr.<\/p>\n<table width=\"150\" border=\"1\" cellspacing=\"0\" cellpadding=\"5\">\n<tbody>\n<tr>\n<td align=\"center\" valign=\"middle\" height=\"30\">\n<div align=\"center\">\n<p>A\u015fa\u011f\u0131daki linkten teknik katalo\u011fumuzu inceleyebilirsiniz.<br \/>\n<a href=\"http:\/\/varkim.com.tr\/pdf\/1t.pdf\" target=\"_blank\">KORATECT Su Bazl\u0131<\/a><\/p>\n<\/div>\n<\/td>\n<\/tr>\n<\/tbody>\n<\/table>\n","protected":false},"excerpt":{"rendered":"<p>SU BAZLI K\u0130MYASALLAR KORATECT\u00ae EA-F Su bazl\u0131, solvent i\u00e7ermeyen Polisiloksan em\u00fclsiyon olup, Silikon ve Dispersiyon\u00a0silikat\u00a0renklerde, hidrofob \u00f6zelli\u011fi kazand\u0131rmak icin renge kar\u0131\u015ft\u0131r\u0131labilir. Yine ayn\u0131 zamanda zemine&hellip;<\/p>\n<p><a href=\"https:\/\/www.varkim.com.tr\/?page_id=2992\" class=\"more-link post-excerpt-readmore\">Devam\u0131n\u0131 oku<\/a><\/p>\n","protected":false},"author":1,"featured_media":0,"parent":0,"menu_order":0,"comment_status":"open","ping_status":"open","template":"","meta":[],"_links":{"self":[{"href":"https:\/\/www.varkim.com.tr\/index.php?rest_route=\/wp\/v2\/pages\/2992"}],"collection":[{"href":"https:\/\/www.varkim.com.tr\/index.php?rest_route=\/wp\/v2\/pages"}],"about":[{"href":"https:\/\/www.varkim.com.tr\/index.php?rest_route=\/wp\/v2\/types\/page"}],"author":[{"embeddable":true,"href":"https:\/\/www.varkim.com.tr\/index.php?rest_route=\/wp\/v2\/users\/1"}],"replies":[{"embeddable":true,"href":"https:\/\/www.varkim.com.tr\/index.php?rest_route=%2Fwp%2Fv2%2Fcomments&post=2992"}],"version-history":[{"count":8,"href":"https:\/\/www.varkim.com.tr\/index.php?rest_route=\/wp\/v2\/pages\/2992\/revisions"}],"predecessor-version":[{"id":4971,"href":"https:\/\/www.varkim.com.tr\/index.php?rest_route=\/wp\/v2\/pages\/2992\/revisions\/4971"}],"wp:attachment":[{"href":"https:\/\/www.varkim.com.tr\/index.php?rest_route=%2Fwp%2Fv2%2Fmedia&parent=2992"}],"curies":[{"name":"wp","href":"https:\/\/api.w.org\/{rel}","templated":true}]}}