{"id":2967,"date":"2017-02-23T18:52:12","date_gmt":"2017-02-23T16:52:12","guid":{"rendered":"http:\/\/joysistem.net\/demo\/varkim\/?page_id=2967"},"modified":"2018-04-02T15:51:12","modified_gmt":"2018-04-02T12:51:12","slug":"silikon-emulsiyonlari-2","status":"publish","type":"page","link":"https:\/\/www.varkim.com.tr\/?page_id=2967","title":{"rendered":"Silikon Emulsiyonlar\u0131"},"content":{"rendered":"<h1>Silikon Em\u00fclsiyonlar\u0131\u00a0<a href=\"http:\/\/www.varkim.com.tr\/?page_id=4388\"><img loading=\"lazy\" class=\"lazyload size-full wp-image-4915 alignright\" style=\"font-size: 14px;\" alt=\"boyundiskisiparisver\" data-original=\"http:\/\/www.varkim.com.tr\/wp-content\/uploads\/2018\/02\/boyundiskisiparisver2.png\" width=\"200\" height=\"56\" \/><\/a><\/h1>\n<p style=\"text-align: left;\">Silikon\u00a0ya\u011f\u0131\u00a0em\u00fclsiyonlar\u0131 su ile rahat\u00e7a kar\u0131\u015ft\u0131r\u0131l\u0131p inceltilebilen \u00fcr\u00fcnlerdir. Uygulama ve\u00a0i\u015flemede\u00a0avantaj sa\u011flar.\u00a0Bu alanda\u00a0m\u00fc\u015fterilerimize y\u0131llar\u0131n vermi\u015f oldu\u011fu tecr\u00fcbe ve \u00fcr\u00fcn kalitesiyle sizlere m\u00fckemmel\u00a0\u00fcr\u00fcnler sunmaktay\u0131z. Sizlere sunmu\u015f oldu\u011fumuz \u00fcr\u00fcnlerin kalitesiyle kalmay\u0131p; sekt\u00f6rel anlamdaki uzmanl\u0131k bilgilerimizi, \u00fcreticilerin m\u00fchendislik alan\u0131ndaki uygulamalarda ve son a\u015famadaki \u00fcretiminde de en iyi iktisadi ve kaliteyi \u00f6n planda tutan \u00e7\u00f6z\u00fcm\u00fc teknik deste\u011fimiz ile birlikte siz de\u011ferli m\u00fc\u015fterilerimize sunmaktay\u0131z.<\/p>\n<p>A\u015fa\u011f\u0131daki linklerden teknik d\u00f6k\u00fcmanlar\u0131 inceleyebilirsiniz.<\/p>\n<p><strong>Bro\u015f\u00fcrler\u00a0<a href=\"http:\/\/joysistem.net\/demo\/varkim\/wp-content\/uploads\/2017\/02\/KORASILON-\u00d6lemulsion-ER-601.pdf\"><br \/>\n<\/a><\/strong><\/p>\n<p><img class=\"lazyload\" alt=\"\" data-original=\"http:\/\/www.kalekim.com\/images\/pdficon.png\" border=\"0\" \/>\u00a0<a href=\"http:\/\/joysistem.net\/demo\/varkim\/wp-content\/uploads\/2017\/02\/KORASILON-M-1.pdf\">KORASILON \u00d6lemulsion M 1<\/a><br \/>\n<img class=\"lazyload\" alt=\"\" data-original=\"http:\/\/www.kalekim.com\/images\/pdficon.png\" border=\"0\" \/>\u00a0<a href=\"http:\/\/joysistem.net\/demo\/varkim\/wp-content\/uploads\/2017\/02\/KORASILON-BAH-40.pdf\">KORASILON \u00d6lemulsion BAH 40<\/a><br \/>\n<img class=\"lazyload\" alt=\"\" data-original=\"http:\/\/www.kalekim.com\/images\/pdficon.png\" border=\"0\" \/>\u00a0<a href=\"http:\/\/joysistem.net\/demo\/varkim\/wp-content\/uploads\/2017\/02\/KORASILON-ER-60.pdf\">KORASILON \u00d6lemulsion ER 60<\/a><br \/>\n<img class=\"lazyload\" alt=\"\" data-original=\"http:\/\/www.kalekim.com\/images\/pdficon.png\" border=\"0\" \/>\u00a0<a href=\"http:\/\/joysistem.net\/demo\/varkim\/wp-content\/uploads\/2017\/02\/KORASILON-LMF.pdf\">KORASILON \u00d6lemulsion LMF<\/a><br \/>\n<img class=\"lazyload\" alt=\"\" data-original=\"http:\/\/www.kalekim.com\/images\/pdficon.png\" border=\"0\" \/>\u00a0<a href=\"http:\/\/joysistem.net\/demo\/varkim\/wp-content\/uploads\/2017\/02\/KORASILON-NPF-60.pdf\">KORASILON \u00d6lemulsion NPF 60<\/a><br \/>\n<img class=\"lazyload\" alt=\"\" data-original=\"http:\/\/www.kalekim.com\/images\/pdficon.png\" border=\"0\" \/>\u00a0<a href=\"http:\/\/joysistem.net\/demo\/varkim\/wp-content\/uploads\/2017\/02\/Silikon-Yagi-Tabelasi.pdf\">Silikon Yagi Emulsiyonu \u00dcr\u00fcn Tabelasi<\/a><\/p>\n<p>&nbsp;<\/p>\n<p><strong>Kullan\u0131m alanlar\u0131ndan bir k\u0131sm\u0131<\/strong><\/p>\n<p><strong>\u00a0Kal\u0131p Ay\u0131r\u0131c\u0131 olarak<\/strong><\/p>\n<ul style=\"text-align: left;\">\n<li>Lastik ve Plastik \u00fcretiminde<\/li>\n<li>D\u00f6k\u00fcm ve hassas d\u00f6k\u00fcm \u00fcretiminde<\/li>\n<li>G\u0131da sekt\u00f6r\u00fc ambalaj \u00fcretiminde<\/li>\n<\/ul>\n<p><strong>\u0130ticilik ve kayd\u0131r\u0131c\u0131l\u0131k<\/strong><\/p>\n<ul style=\"text-align: left;\">\n<li>Yal\u0131t\u0131m (\u0130n\u015faat ve Otomobil end\u00fcstrisinde)<\/li>\n<li>Bask\u0131 ve Matbaa end\u00fcstrisinde,<\/li>\n<li>Lastik ve Plastik end\u00fcstrisinde<\/li>\n<\/ul>\n<p><strong>Ya\u011flay\u0131c\u0131<\/strong><\/p>\n<ul style=\"text-align: left;\">\n<li>Ana baz veya katk\u0131 ya\u011f\u0131<\/li>\n<\/ul>\n<p><strong>Hidrofobi<\/strong><\/p>\n<ul style=\"text-align: left;\">\n<li>Elyaf ve benzeri \u00fcr\u00fcnler<\/li>\n<li>Tekstil ve deri<\/li>\n<li>Boya \u00fcretimi<\/li>\n<\/ul>\n<p><strong>Emprenye<\/strong><\/p>\n<ul style=\"text-align: left;\">\n<li>Yal\u0131t\u0131m \u00fcr\u00fcnleri (KORATECT\u00ae)<\/li>\n<\/ul>\n<p><strong>Tekstil<\/strong><\/p>\n<ul style=\"text-align: left;\">\n<li>\u00a0hidrofobik\u00a0ya da\u00a0hidrofilik yumu\u015fat\u0131c\u0131lar, iplik kayd\u0131r\u0131c\u0131<\/li>\n<\/ul>\n<p><strong>Parlatma ve bak\u0131m \u00fcr\u00fcnleri<\/strong><\/p>\n<ul style=\"text-align: left;\">\n<li>Deri, Lake-Boya, Ah\u015fap y\u00fczeyler<\/li>\n<\/ul>\n<p>&nbsp;<\/p>\n","protected":false},"excerpt":{"rendered":"<p>Silikon Em\u00fclsiyonlar\u0131\u00a0 Silikon\u00a0ya\u011f\u0131\u00a0em\u00fclsiyonlar\u0131 su ile rahat\u00e7a kar\u0131\u015ft\u0131r\u0131l\u0131p inceltilebilen \u00fcr\u00fcnlerdir. Uygulama ve\u00a0i\u015flemede\u00a0avantaj sa\u011flar.\u00a0Bu alanda\u00a0m\u00fc\u015fterilerimize y\u0131llar\u0131n vermi\u015f oldu\u011fu tecr\u00fcbe ve \u00fcr\u00fcn kalitesiyle sizlere m\u00fckemmel\u00a0\u00fcr\u00fcnler sunmaktay\u0131z. Sizlere sunmu\u015f&hellip;<\/p>\n<p><a href=\"https:\/\/www.varkim.com.tr\/?page_id=2967\" class=\"more-link post-excerpt-readmore\">Devam\u0131n\u0131 oku<\/a><\/p>\n","protected":false},"author":1,"featured_media":0,"parent":0,"menu_order":0,"comment_status":"open","ping_status":"open","template":"","meta":[],"_links":{"self":[{"href":"https:\/\/www.varkim.com.tr\/index.php?rest_route=\/wp\/v2\/pages\/2967"}],"collection":[{"href":"https:\/\/www.varkim.com.tr\/index.php?rest_route=\/wp\/v2\/pages"}],"about":[{"href":"https:\/\/www.varkim.com.tr\/index.php?rest_route=\/wp\/v2\/types\/page"}],"author":[{"embeddable":true,"href":"https:\/\/www.varkim.com.tr\/index.php?rest_route=\/wp\/v2\/users\/1"}],"replies":[{"embeddable":true,"href":"https:\/\/www.varkim.com.tr\/index.php?rest_route=%2Fwp%2Fv2%2Fcomments&post=2967"}],"version-history":[{"count":10,"href":"https:\/\/www.varkim.com.tr\/index.php?rest_route=\/wp\/v2\/pages\/2967\/revisions"}],"predecessor-version":[{"id":4961,"href":"https:\/\/www.varkim.com.tr\/index.php?rest_route=\/wp\/v2\/pages\/2967\/revisions\/4961"}],"wp:attachment":[{"href":"https:\/\/www.varkim.com.tr\/index.php?rest_route=%2Fwp%2Fv2%2Fmedia&parent=2967"}],"curies":[{"name":"wp","href":"https:\/\/api.w.org\/{rel}","templated":true}]}}