{"id":2927,"date":"2017-02-22T21:36:05","date_gmt":"2017-02-22T19:36:05","guid":{"rendered":"http:\/\/joysistem.net\/demo\/varkim\/?page_id=2927"},"modified":"2017-04-04T13:47:14","modified_gmt":"2017-04-04T10:47:14","slug":"referanslar","status":"publish","type":"page","link":"https:\/\/www.varkim.com.tr\/?page_id=2927","title":{"rendered":"REFERANSLAR"},"content":{"rendered":"<p>AKY\u00dcZ MATBAA MLZ.SAN.(SERKAN AKY\u00dcZ)- \u0130STANBUL<\/p>\n<p>ALAGEY\u0130K ORMAN \u00dcR\u00dcNLER\u0130 EMPRENYE TA\u015e.\u0130N\u015e.UYG.SAN. VE T\u0130C.LTD\u2026<\/p>\n<p>ALAN YAPI (AR\u0130F ALAN) (TURGUTLU-MAN\u0130SA)<\/p>\n<p>ALANAR MEYVE VE GIDA \u00dcRET.PAZ.SAN.T\u0130C.A.\u015e (BURSA)<\/p>\n<p>ALDEN PAZARLAMA SAN.T\u0130C.LTD.\u015eT\u0130. (\u0130ZM\u0130R)<\/p>\n<p>AL\u0130 \u0130HSAN ORMAN \u00dcR\u00dcN.\u0130N\u015e.MAD.SAN.LTD.\u015eT\u0130. (BOLVAD\u0130N-AFYONKARAH\u0130SAR)<\/p>\n<p>ALTES ORMAN \u00dcR\u00dcNLER\u0130 MOB.MAK.SAN.M\u00dc\u015e.M\u00dcH.T\u0130C. LTD.\u015eT\u0130. (TRABZON)<\/p>\n<p>ALTINBALIK TUR\u0130ZM \u0130N\u015eAAT SU \u00dcR\u00dcNLER\u0130 \u00dcRET\u0130M SAN.VE T\u0130C.LTD.\u015eT\u0130. (\u0130ZM\u0130R)<\/p>\n<p>ALTIN\u00c7A\u011e ORMAN \u00dcR\u00dcNLER\u0130 NAK.SAN.T\u0130C.LTD.\u015eT\u0130. (AYDIN)<\/p>\n<p>ALZEM \u00c7EL\u0130K \u0130N\u015eAAT. LTD.\u015eT\u0130. (\u0130ZM\u0130R)<\/p>\n<p>ANADOLU GRUP K\u0130M.\u0130N\u015e.M\u00dcTH.LTD.\u015eT\u0130. (ANKARA)<\/p>\n<p>ANIL Y\u00dcKSEL BOYA HIRDAVAT \u0130N\u015e.MLZ.SAN.VE T\u0130C.LTD.\u015eT\u0130. (\u0130ZM\u0130R)<\/p>\n<p>ARDA AH\u015eAP TEKN\u0130K HAV.YAPI \u0130N\u015e.M\u00dcH.LTD.\u015eT\u0130. (ANKARA)<\/p>\n<p>ASMAZ AH\u015eAP A.\u015e. (YALOVA)<\/p>\n<p>AYAZLAR NAK.KERESTE VE TAHTA AMB.SAN.VE T\u0130C.LTD.\u015eT\u0130. (\u0130ZM\u0130R)<\/p>\n<p>AYSUN KERESTE \u0130N\u015eAAT (AYHAN AKSU) (KAYSER\u0130)<\/p>\n<p>BAKSA\u015e A.\u015e.(BOLU AH\u015eAP SAN.A.\u015e.) (BOLU)<\/p>\n<p>BA\u015e AYDINLATMA SAN.T\u0130C.LTD.\u015eT\u0130. (\u0130STANBUL)<\/p>\n<p>BETA K\u0130MYA (BEREKET PARMAKSIZ) (\u0130SKENDERUN)<\/p>\n<p>BEYPAK STRECH F\u0130LM AMBALAJ MAK.SAN.VE T\u0130C.LTD.\u015eT\u0130. (\u0130ZM\u0130R)<\/p>\n<p>BURAK M\u0130M. M\u00dcH. \u0130N\u015e.SAN.T\u0130C.LTD.\u015eT\u0130. (\u0130ZM\u0130R)<\/p>\n<p>CEMER KENT EK\u0130PMAN. SAN.VE T\u0130C.A.\u015e. (\u0130ZM\u0130R)<\/p>\n<p>CO\u015eKUNLAR GRUP ORG.PAZ. SAN.T\u0130C.LTD.\u015eT\u0130. (SAKARYA)<\/p>\n<p>\u00c7ET\u0130NKAYA ORM.\u00dcR.SAN. VE T\u0130C.LTD.\u015eT\u0130. (AKSARAY)<\/p>\n<p>DA\u011eISTAN \u0130N\u015e.MLZ.NAK.\u0130N\u015e. TAAH.TUR.GIDA MAD.T\u0130C. LTD.\u015eT\u0130. (ERZURUM)<\/p>\n<p>DEKSAN ORMAN \u00dcR\u00dcNLER\u0130 EMPRENYE \u0130N\u015e. SAN. T\u0130C. GIDA SAN. VE LTD \u015eT\u0130. (U\u015eAK-BANAZ)<\/p>\n<p>DETAY B\u00dcRO ( HAL\u0130L DEM\u0130R) (ANTALYA)<\/p>\n<p>DEVA HOLD\u0130NG A.\u015e. (\u0130STANBUL)<\/p>\n<p>DURSUNBEY BELED\u0130YES\u0130<\/p>\n<p>ECAY AH\u015eAP D\u00dcNYASI \u00c7OCUK OYUN PARKI (ADANA)<\/p>\n<p>ECZACIBA\u015eI YAPI GERE\u00c7LER\u0130 SAN.T\u0130C.A.\u015e. (B\u0130LEC\u0130K)<\/p>\n<p>EKOTEK TEKNOLOJ\u0130 S\u0130S.SAN.T\u0130C.LTD.\u015eT\u0130. (DEN\u0130ZL\u0130)<\/p>\n<p>EMR M\u0130MARLIK RESTORASYON \u0130N\u015e.LTD.\u015eT\u0130. (\u0130STANBUL)<\/p>\n<p>ESENL\u0130K \u0130MAR \u0130N\u015e. VE T\u0130C. LTD.\u015eT\u0130. (MALATYA)<\/p>\n<p>FORSA METAL CEPHE KAP. S\u0130S.\u0130N\u015e.TAAH.GIDA SAN.T\u0130C. LTD.\u015eT\u0130. (\u0130ZM\u0130R)<\/p>\n<p>GAZ\u0130EM\u0130R \u0130ZOLASYON (\u0130ZM\u0130R)<\/p>\n<p>GENTA\u015e GENEL METAL SAN.VE T\u0130C.A.\u015e. (BOLU)<\/p>\n<p>GLOBAL END.LAB.TEST C\u0130H. SAN.T\u0130C.LTD.\u015eT\u0130. (\u0130ZM\u0130R)<\/p>\n<p>G\u00d6K\u00c7EK\u00d6Y BELED\u0130YE BA\u015eKANLI\u011eI (MAN\u0130SA)<\/p>\n<p>G\u00d6K\u015eENLER LTD.\u015eT\u0130. (MERS\u0130N)<\/p>\n<p>G\u00dcLER ORMAN \u00dcR\u00dcN.SAN.TUR VE T\u0130C. LTD.\u015eT\u0130. (ANTALYA)<\/p>\n<p>G\u00dcLHAN M\u00dcHEND\u0130SL\u0130K \u0130N\u015eAAT (G\u00d6KHAN G\u00dcLHAN) (\u0130STANBUL)<\/p>\n<p>HASAN H\u00dcSEY\u0130N BARUT (MAN\u0130SA)<\/p>\n<p>H\u0130RA MAR BETON PARKE B\u0130R\u0130KET VE BETON SANTRALLER\u0130 (ANKARA)<\/p>\n<p>H\u0130SAR ORMAN \u00dcR\u00dcNLER\u0130 EMPRENYE TES\u0130S\u0130 (ANKARA)<\/p>\n<p>\u0130\u011eC\u0130LER TARIM ORMAN \u00dcR\u00dcNLER\u0130 PAZ.T\u0130C.VE SAN.A.\u015e. (\u0130ZM\u0130R)<\/p>\n<p>\u0130MBAT OTELC\u0130L\u0130K TURZ. SEYAHAT T\u0130C. A.\u015e.(KU\u015eADASI-AYDIN)<\/p>\n<p>\u0130NTERTEK LTD.\u015eT\u0130. (ANTAKYA- HATAY)<\/p>\n<p>\u0130SMET ACUN ORMAN \u00dcR\u00dcNLER\u0130 SAN. VE T\u0130C. A.\u015e. (BURDUR)<\/p>\n<p>KAHRAMANMARA\u015e BELED\u0130YES\u0130<\/p>\n<p>KARADEN\u0130Z ORM.\u00dcR.SAN. VE T\u0130C.LTD.\u015eT\u0130.(AYDIN)<\/p>\n<p>KORDON G\u00dcMR\u00dcK M\u00dc\u015eAV\u0130RL\u0130\u011e\u0130 LTD.\u015eT\u0130. (\u0130ZM\u0130R)<\/p>\n<p>K\u00d6KSAN ORMAN \u00dcR\u00dcNLER\u0130 SAN.VE T\u0130C. LTD.\u015eT\u0130. (ELAZI\u011e)<\/p>\n<p>LAT\u0130F ALTIN \u0130N\u015e.TUR.EMPR. OTO NAK.HAY.SAN. VE T\u0130C. LTD.\u015eT\u0130.(AKDA\u011eMADEN\u0130-YOZGAT)<\/p>\n<p>LATRO K\u0130MYA DI\u015e T\u0130CARET LTD.\u015eT\u0130. (\u0130STANBUL)<\/p>\n<p>LEVER \u0130ZOLASYON (\u0130ZM\u0130R)<\/p>\n<p>L\u0130K\u0130T K\u0130MYA SAN.T\u0130C.A.\u015e. (\u0130STANBUL)<\/p>\n<p>MAZIO\u011eLU ORMAN \u00dcR\u00dcNLER\u0130 SAN.T\u0130C.LTD.\u015eT\u0130. (DEN\u0130ZL\u0130)<\/p>\n<p>MEKAN KERES.DO\u011e.\u0130N\u015e.SAN. T\u0130C.LTD.\u015eT\u0130. (DEN\u0130ZL\u0130)<\/p>\n<p>MEM\u0130\u015e UYSAL KERESTEC\u0130L\u0130K HIR.SAN.TUR.T\u0130C.LTD.\u015eT\u0130. (ANTALYA)<\/p>\n<p>MERSA FISTIKCILIK \u0130\u00c7 VE DI\u015e T\u0130C. (GAZ\u0130ANTEP)<\/p>\n<p>META AH\u015eAP EMPRENYE (ANTALYA)<\/p>\n<p>MKE P\u0130R\u0130N\u00c7 FABR\u0130KASI (KIRIKKALE)<\/p>\n<p>MODELSAN MOB\u0130LYA \u0130ML. VE DI\u015e T\u0130C.LTD.\u015eT\u0130. (\u0130STANBUL)<\/p>\n<p>MUMCU \u0130\u015e\u0130TME MERKEZ\u0130 (\u0130ZM\u0130R)<\/p>\n<p>NANOTEC SAN. VE T\u0130C. LTD.\u015eT\u0130. (\u0130STANBUL)<\/p>\n<p>OR-PA ORMAN \u00dcR\u00dcNLER\u0130 PAZARLAMA (DEN\u0130ZL\u0130<\/p>\n<p>OTAT GIDA SAN.T\u0130C.LTD.\u015eT\u0130. (HAVZA-SAMSUN)<\/p>\n<p>OVA KENT \u0130N\u015eAAT TA\u015e.TURZ.SAN.VE T\u0130C.LTD.\u015eT\u0130. (\u0130ZM\u0130R)<\/p>\n<p>\u00d6KSAN AH\u015eAP PALET (ANTALYA)<\/p>\n<p>\u00d6ZBELSAN A.\u015e. (S\u0130VAS)<\/p>\n<p>\u00d6ZDEN K\u0130M.VE PLAST\u0130K SAN. T\u0130C.A.\u015e. (ANKARA)<\/p>\n<p>RE\u0130S \u0130N\u015eAAT YAPI MARKET(GAZ\u0130ANTEP)<\/p>\n<p>ROYAL \u0130LA\u00c7 SAN.VE T\u0130C.LTD.\u015eT\u0130. (KAYSER\u0130)<\/p>\n<p>S.S.TAR\u0130\u015e \u00dcZ\u00dcM TARIM SATI\u015e KOOP. B\u0130RL\u0130\u011e\u0130 S\u0130RKE PEKMEZ \u0130\u015eLETMES\u0130 M\u00dcD\u00dcRL\u00dc\u011e\u00dc (MAN\u0130SA)<\/p>\n<p>SAVCI MOB\u0130LYA (MERS\u0130N)<\/p>\n<p>SAVTUNA YAPI M\u0130MARLIK A.\u015e. (\u0130ZM\u0130R)<\/p>\n<p>SEFA AH\u015eAP MOB.SAN.T\u0130C. LTD. \u015eT\u0130. (BOLU)<\/p>\n<p>SEKAP ORMAN TARIM GIDA VE TUR.SAN VE T\u0130C.LTD.\u015eT\u0130. (\u0130ZM\u0130R)<\/p>\n<p>SEM\u0130TA\u015e EMPRENYE VE SAN.TES.A.\u015e. (U\u015eAK -BANAZ)<\/p>\n<p>SEP\u0130C\u0130LER \u00c7AYBA\u015eI DER\u0130 SAN. VE T\u0130C. A.\u015e. (\u0130ZM\u0130R)<\/p>\n<p>SFC ENTEGRE ORMAN \u00dcR\u00dcNLER\u0130 SANAY\u0130\u0130 (KASTAMONU)<\/p>\n<p>SORGUN BELED\u0130YES\u0130 (YOZGAT)<\/p>\n<p>T.C GED\u0130Z \u00dcN\u0130VERS\u0130TES\u0130 (\u0130ZM\u0130R)<\/p>\n<p>TAB\u0130AT AH\u015eAP TASARIM VE UYGULAMA SAN.T\u0130C.LTD.\u015eT\u0130. (\u0130STANBUL)<\/p>\n<p>TAMU\u011eUR ORM.\u00dcR. \u00d6ZEL E\u011e\u0130T\u0130M \u0130TH.\u0130HR.LTD.\u015eT\u0130. (\u0130ZM\u0130R)<\/p>\n<p>TAV\u015eANLI BELED\u0130YES\u0130 (K\u00dcTAHYA)<\/p>\n<p>TEKBES TEKST\u0130L MAK.B\u00dcRO EK\u0130PM.SAN. VE DI\u015e T\u0130C.A\u015e. (\u0130ZM\u0130R)<\/p>\n<p>TEPE BETOPAN YAPI MLZ. SAN.T\u0130C. A.\u015e. (ANKARA)<\/p>\n<p>TOMRUKEVLER ORM. \u00dcR\u00dcN. SAN.VE T\u0130C.LTD.\u015eT\u0130. (TUZLA-\u0130STANBUL)<\/p>\n<p>TORBALI BELED\u0130YES\u0130 (\u0130ZM\u0130R)<\/p>\n<p>TOSUN AH\u015eAP (KONYA)<\/p>\n<p>UDERO TEKST\u0130L YEM. SAN.TUR\u0130ZM \u0130\u00c7 VE RGUTT\u0130C.LTD.\u015eT\u0130. (MAN\u0130SA)<\/p>\n<p>VARI\u015eLAR A\u011eA\u00c7 MAM.SAN. T\u0130C. A.\u015e. (\u00c7ORUM)<\/p>\n<p>VEZ\u0130R KER.ORM.\u00dcR. AH\u015eAP DEKOR \u0130N\u015e.T\u0130C.LTD.\u015eT\u0130.(KAHRAMANMARA\u015e )<\/p>\n<p>VNN \u00c7EVRE VE ENERJ\u0130 TEKNOLOJ\u0130LER\u0130 SAN.T\u0130C.LTD. \u015eT\u0130. (ANTALYA)<\/p>\n<p>VSF AH\u015eAP EMP.ORMAN \u00dcR\u00dcN.T\u0130C.SAN.LTD.\u015eT\u0130. (ANTALYA)<\/p>\n<p>YILDIZENTEGRE WOOD IND &amp; TRADE CORP (K\u00dcTAHYA)<\/p>\n<p>DO\u011eAN DO\u011eRAMA T\u0130C. (G\u00d6KHAN DO\u011eAN) (ANKARA)<\/p>\n<p>DURAN DO\u011eAN BASIM VE AMBALAJ SAN. A.\u015e. (\u0130STANBUL)<\/p>\n<p>A PARK KENT MOB\u0130LYALARI LTD.\u015eT\u0130. (ANKARA)<\/p>\n<p>AHMET \u015eAH\u0130N (ALANYA-ANTALYA)<\/p>\n<p>AK\u00c7AY KERESTEAK\u00c7AY KERESTE HARF. (\u00d6NDER AK\u00c7AY)(EDREM\u0130T-BALIKES\u0130R)<\/p>\n<p>AKLENS OPT\u0130K SAN.T\u0130C.A.\u015e. (TORBALI-\u0130ZM\u0130R)<\/p>\n","protected":false},"excerpt":{"rendered":"<p>AKY\u00dcZ MATBAA MLZ.SAN.(SERKAN AKY\u00dcZ)- \u0130STANBUL ALAGEY\u0130K ORMAN \u00dcR\u00dcNLER\u0130 EMPRENYE TA\u015e.\u0130N\u015e.UYG.SAN. VE T\u0130C.LTD\u2026 ALAN YAPI (AR\u0130F ALAN) (TURGUTLU-MAN\u0130SA) ALANAR MEYVE VE GIDA \u00dcRET.PAZ.SAN.T\u0130C.A.\u015e (BURSA) ALDEN PAZARLAMA&hellip;<\/p>\n<p><a href=\"https:\/\/www.varkim.com.tr\/?page_id=2927\" class=\"more-link post-excerpt-readmore\">Devam\u0131n\u0131 oku<\/a><\/p>\n","protected":false},"author":1,"featured_media":0,"parent":0,"menu_order":0,"comment_status":"open","ping_status":"open","template":"","meta":[],"_links":{"self":[{"href":"https:\/\/www.varkim.com.tr\/index.php?rest_route=\/wp\/v2\/pages\/2927"}],"collection":[{"href":"https:\/\/www.varkim.com.tr\/index.php?rest_route=\/wp\/v2\/pages"}],"about":[{"href":"https:\/\/www.varkim.com.tr\/index.php?rest_route=\/wp\/v2\/types\/page"}],"author":[{"embeddable":true,"href":"https:\/\/www.varkim.com.tr\/index.php?rest_route=\/wp\/v2\/users\/1"}],"replies":[{"embeddable":true,"href":"https:\/\/www.varkim.com.tr\/index.php?rest_route=%2Fwp%2Fv2%2Fcomments&post=2927"}],"version-history":[{"count":24,"href":"https:\/\/www.varkim.com.tr\/index.php?rest_route=\/wp\/v2\/pages\/2927\/revisions"}],"predecessor-version":[{"id":3269,"href":"https:\/\/www.varkim.com.tr\/index.php?rest_route=\/wp\/v2\/pages\/2927\/revisions\/3269"}],"wp:attachment":[{"href":"https:\/\/www.varkim.com.tr\/index.php?rest_route=%2Fwp%2Fv2%2Fmedia&parent=2927"}],"curies":[{"name":"wp","href":"https:\/\/api.w.org\/{rel}","templated":true}]}}