{"id":2917,"date":"2016-11-21T23:10:50","date_gmt":"2016-11-21T21:10:50","guid":{"rendered":"http:\/\/joysistem.net\/demo\/varkim\/?page_id=2917"},"modified":"2018-03-01T08:29:59","modified_gmt":"2018-03-01T06:29:59","slug":"endustri-kimyasallari","status":"publish","type":"page","link":"https:\/\/www.varkim.com.tr\/?page_id=2917","title":{"rendered":"END\u00dcSTR\u0130 K\u0130MYASALLARI"},"content":{"rendered":"<p><strong>VARK\u0130M END\u00dcSTR\u0130 VE YAPI K\u0130MYASALLARI <\/strong>ile Kurt Obermeier GmbH&amp;Co KG \u015firketlerinin i\u015fbirli\u011fi ,Siz de\u011ferli m\u00fc\u015fterilerimize en iyi hizmeti sa\u011flayaca\u011f\u0131m\u0131z\u0131 ve bizi tercih etmenizin ne kadar do\u011fru bir se\u00e7im olaca\u011f\u0131n\u0131 hep birlikte belirtmek isteriz;<\/p>\n<p>Kurt Obermeier GmbH &amp; Co KG 60 y\u0131l\u0131 a\u015fk\u0131n bir s\u00fcredir, sat\u0131\u015f ve \u00f6zel kimyasal \u00fcr\u00fcnler \u00fczerine teknik dan\u0131\u015fmanl\u0131k ile u\u011fra\u015fmaktad\u0131r. \u015eirketin merkezi Bad Berleburg olup Duisburg \u015fehrinde de kendi b\u00fcnyesinde de b\u00fcy\u00fck bir \u015fubesi vard\u0131r.<\/p>\n<p>Firma portf\u00f6y\u00fcnde silikon ya\u011flar\u0131, em\u00fclsiyonlar, pastalar, ayiricilar, ve spezial kimyasallara kadar bir\u00e7ok \u00fcr\u00fcn bulunmaktadir.<\/p>\n<p>Bu \u00fcr\u00fcnler, son derece \u00f6nemli katma de\u011ferleri ile \u00f6n plana \u00e7\u0131kmakta, m\u00fc\u015fterilerin nihai \u00fcr\u00fcnlerinin hem faydalar\u0131n\u0131 hem de performans\u0131n\u0131 artt\u0131r\u0131yorlar. K. Obermeier taraf\u0131ndan \u00fcretilen \u00fcr\u00fcnler in\u015faat, ahsap, kimya, kozmetik, tekstil, deri, otomotiv, ka\u011f\u0131t, plastik, gida, matbaa, elektronik vs. gibi bir \u00e7ok sekt\u00f6rlerde kullan\u0131l\u0131yor.<\/p>\n<p>KORASILON\u00ae ad\u0131 alt\u0131ndaki \u00fcr\u00fcn yelpazesinin yan\u0131 s\u0131ra ah\u015fap koruyucu ve y\u00fczey cilalar\u0131 \u00fcr\u00fcnlerini Koranol\u00ae, Koralan\u00ae ve Korasit\u00ae markalar\u0131 \u00fcretmektedir. Ah\u015fap koruyuculardaki \u00fcretiminde de kaliteyi \u00f6n planda tutan, end\u00fcstri ve el sanatlar\u0131 sekt\u00f6rlerinede \u00fcretim yapmaktad\u0131r.<\/p>\n<p style=\"text-align: right;\">Made in Germany<\/p>\n<pre style=\"text-align: left;\"><a href=\"http:\/\/www.varkim.com.tr\/?page_id=2905\"><strong>K\u00d6P\u00dcK G\u0130DER\u0130C\u0130LER<\/strong> \u0130\u00e7in T\u0131klay\u0131n\u0131z.<\/a><\/pre>\n<pre style=\"text-align: left;\"><a href=\"http:\/\/www.varkim.com.tr\/?page_id=2907\"><strong>S\u0130L\u0130KON YA\u011eLARI<\/strong> \u0130\u00e7in T\u0131klay\u0131n\u0131z.<\/a><\/pre>\n<pre style=\"text-align: left;\"><a href=\"http:\/\/www.varkim.com.tr\/?page_id=2967\"><strong>S\u0130L\u0130KON EMULS\u0130YONLARI<\/strong> \u0130\u00e7in T\u0131klay\u0131n\u0131z.<\/a><\/pre>\n<pre style=\"text-align: left;\"><a href=\"http:\/\/www.varkim.com.tr\/?page_id=2911\"><strong>S\u0130L\u0130KON PASTALARI<\/strong> \u0130\u00e7in T\u0131klay\u0131n\u0131z.<\/a><\/pre>\n<pre style=\"text-align: left;\"><a href=\"http:\/\/www.varkim.com.tr\/?page_id=2913\"><strong>KALIP AYRICILAR<\/strong> \u0130\u00e7in T\u0131klay\u0131n\u0131z.<\/a><\/pre>\n<pre style=\"text-align: left;\"><a href=\"http:\/\/www.varkim.com.tr\/?page_id=2976\"><strong>SPEC\u0130AL K\u0130MYASALLAR<\/strong> \u0130\u00e7in T\u0131klay\u0131n\u0131z.<\/a><\/pre>\n","protected":false},"excerpt":{"rendered":"<p>VARK\u0130M END\u00dcSTR\u0130 VE YAPI K\u0130MYASALLARI ile Kurt Obermeier GmbH&amp;Co KG \u015firketlerinin i\u015fbirli\u011fi ,Siz de\u011ferli m\u00fc\u015fterilerimize en iyi hizmeti sa\u011flayaca\u011f\u0131m\u0131z\u0131 ve bizi tercih etmenizin ne kadar&hellip;<\/p>\n<p><a href=\"https:\/\/www.varkim.com.tr\/?page_id=2917\" class=\"more-link post-excerpt-readmore\">Devam\u0131n\u0131 oku<\/a><\/p>\n","protected":false},"author":1,"featured_media":0,"parent":0,"menu_order":0,"comment_status":"open","ping_status":"open","template":"","meta":[],"_links":{"self":[{"href":"https:\/\/www.varkim.com.tr\/index.php?rest_route=\/wp\/v2\/pages\/2917"}],"collection":[{"href":"https:\/\/www.varkim.com.tr\/index.php?rest_route=\/wp\/v2\/pages"}],"about":[{"href":"https:\/\/www.varkim.com.tr\/index.php?rest_route=\/wp\/v2\/types\/page"}],"author":[{"embeddable":true,"href":"https:\/\/www.varkim.com.tr\/index.php?rest_route=\/wp\/v2\/users\/1"}],"replies":[{"embeddable":true,"href":"https:\/\/www.varkim.com.tr\/index.php?rest_route=%2Fwp%2Fv2%2Fcomments&post=2917"}],"version-history":[{"count":7,"href":"https:\/\/www.varkim.com.tr\/index.php?rest_route=\/wp\/v2\/pages\/2917\/revisions"}],"predecessor-version":[{"id":4628,"href":"https:\/\/www.varkim.com.tr\/index.php?rest_route=\/wp\/v2\/pages\/2917\/revisions\/4628"}],"wp:attachment":[{"href":"https:\/\/www.varkim.com.tr\/index.php?rest_route=%2Fwp%2Fv2%2Fmedia&parent=2917"}],"curies":[{"name":"wp","href":"https:\/\/api.w.org\/{rel}","templated":true}]}}