{"id":2911,"date":"2016-11-21T22:51:32","date_gmt":"2016-11-21T20:51:32","guid":{"rendered":"http:\/\/joysistem.net\/demo\/varkim\/?page_id=2911"},"modified":"2018-04-02T15:49:37","modified_gmt":"2018-04-02T12:49:37","slug":"silikon-pastalari","status":"publish","type":"page","link":"https:\/\/www.varkim.com.tr\/?page_id=2911","title":{"rendered":"Silikon Pastalar\u0131"},"content":{"rendered":"<h1>S\u0130L\u0130KON <strong>PASTALAR<\/strong><a href=\"http:\/\/www.varkim.com.tr\/?page_id=4388\"><img loading=\"lazy\" class=\"lazyload size-full wp-image-4915 alignright\" style=\"font-size: 14px;\" alt=\"boyundiskisiparisver\" data-original=\"http:\/\/www.varkim.com.tr\/wp-content\/uploads\/2018\/02\/boyundiskisiparisver2.png\" width=\"200\" height=\"56\" \/><\/a><\/h1>\n<p>Polydimethylsiloxan bazl\u0131 standart pastalar\u0131n yan\u0131 s\u0131ra, \u00fcr\u00fcn Portf\u00f6y\u00fcm\u00fczde organik veya inorganik dolgu hammaddelerinden olu\u015fturulmu\u015f, \u00a0organik modifiye edilmi\u015f \u00a0Siloxan bazl\u0131 pastalar da mevcuttur. Organik modifiye edilmi\u015f Siloxan pastalar uygulama y\u00fczeylerine y\u00f6nelik geli\u015ftirilmi\u015f\u00a0uyumlulu\u011fu sayesinde, uygulama sonras\u0131ndaki y\u00fczeylerde lake boya uygulanmas\u0131n\u0131 etkilemez, yap\u0131\u015fma vs. gibi olumsuzluklar g\u00f6stermez.<\/p>\n<p>Silikon pastalar, silikon ya\u011flar\u0131na g\u00f6re y\u00fczeylerde y\u00fcksek \u0131s\u0131ya ra\u011fmen daha istikrarl\u0131 stabilite ve tutunma \u00f6zelli\u011fine sahiptirler.<br \/>\nKullan\u0131m alanlar\u0131 olduk\u00e7a geni\u015ftir. Ba\u015fl\u0131ca bu alanlardan bir ka\u00e7\u0131:<br \/>\n\u2022\u00a0Kayd\u0131r\u0131c\u0131l\u0131k \u00f6zelli\u011fi aranan her alanda,<br \/>\n\u2022\u00a0Ya\u011flama \u00a0yap\u0131lacak aksamlarda,<br \/>\n\u2022\u00a0Kal\u0131plarda, kal\u0131p ay\u0131r\u0131c\u0131 olarak,<br \/>\n\u2022\u00a0S\u0131zd\u0131rmazl\u0131k \u00f6zelli\u011fi aranan bir \u00e7ok\u00a0 alanda,<br \/>\n\u2022\u00a0S\u00fcspansiyon alan\u0131nda,<br \/>\n\u2022\u00a0Montajlarda,<br \/>\n\u2022\u00a0Korozyon \u00f6nlemede,<br \/>\n<strong>KORASILON\u00ae Pastalar<\/strong>\u00a0\u00fcr\u00fcn serisine ba\u011fl\u0131 olarak -50 \u00b0C ile 300 \u00b0C&#8217;nin \u00fcst\u00fcnde s\u0131cakl\u0131klara kar\u015f\u0131 dayan\u0131kl\u0131d\u0131r ve bu s\u0131cakl\u0131klarda \u00f6zelliklerinde b\u00fcy\u00fck bir de\u011fi\u015fim meydana gelmez. Bu nedenle s\u0131cakl\u0131k y\u00fckleri de\u011fi\u015fti\u011finde \u00f6zellik de\u011fi\u015fimi \u00e7ok d\u00fc\u015f\u00fckt\u00fcr. Belirtilen s\u0131cakl\u0131k aral\u0131\u011f\u0131 i\u00e7erisinde u\u00e7ucu oranlar da uzun bir s\u00fcre boyunca \u00e7ok d\u00fc\u015f\u00fck bir y\u00fczdededir.<\/p>\n<p><strong>KORASILON\u00ae Pastalar\u00a0<\/strong>tiksotrop bir tutum sergilerler, yani mekanik y\u00fckler alt\u0131nda kald\u0131klar\u0131nda incelirler, ancak uzun s\u00fcre bekletildikten sonra tekrar orijinal k\u0131vamlar\u0131na geri d\u00f6nerler. Bu tutum,<br \/>\n<strong>KORASILON\u00ae Pastalar<\/strong>\u00a0kullan\u0131m\u0131nda (\u00f6rn. farkl\u0131 y\u00fczeylere uygulamalarda) beraberinde \u00f6nemli avantajlar getirir ve b\u00f6ylece damlama tehlikesi olmadan \u00fcr\u00fcn\u00fcn iyi bir \u015fekilde da\u011f\u0131t\u0131labilmesi sa\u011flan\u0131r.<\/p>\n<p><strong>Daha fazla bilgi edinmek i\u00e7in KORASILON\u00ae serisi farkl\u0131 Silikon Pastalar i\u00e7in teknik katalo\u011fumuzu a\u015fa\u011f\u0131daki linklerden inceleyebilirsiniz.<\/strong><\/p>\n<p><strong>Bro\u015f\u00fcrler<\/strong><\/p>\n<p><img class=\"lazyload\" alt=\"\" data-original=\"http:\/\/www.kalekim.com\/images\/pdficon.png\" border=\"0\" \/>\u00a0<a href=\"http:\/\/joysistem.net\/demo\/varkim\/wp-content\/uploads\/2016\/11\/KORASILON-Pasten.pdf\">KORASILON Pasten<\/a><br \/>\n<img class=\"lazyload\" alt=\"\" data-original=\"http:\/\/www.kalekim.com\/images\/pdficon.png\" border=\"0\" \/>\u00a0<a href=\"http:\/\/joysistem.net\/demo\/varkim\/wp-content\/uploads\/2016\/11\/KORASILON-Pasten-M-S.pdf\">KORASILON Pasten M-S<\/a><\/p>\n","protected":false},"excerpt":{"rendered":"<p>S\u0130L\u0130KON PASTALAR Polydimethylsiloxan bazl\u0131 standart pastalar\u0131n yan\u0131 s\u0131ra, \u00fcr\u00fcn Portf\u00f6y\u00fcm\u00fczde organik veya inorganik dolgu hammaddelerinden olu\u015fturulmu\u015f, \u00a0organik modifiye edilmi\u015f \u00a0Siloxan bazl\u0131 pastalar da mevcuttur. Organik&hellip;<\/p>\n<p><a href=\"https:\/\/www.varkim.com.tr\/?page_id=2911\" class=\"more-link post-excerpt-readmore\">Devam\u0131n\u0131 oku<\/a><\/p>\n","protected":false},"author":1,"featured_media":0,"parent":0,"menu_order":0,"comment_status":"open","ping_status":"open","template":"","meta":[],"_links":{"self":[{"href":"https:\/\/www.varkim.com.tr\/index.php?rest_route=\/wp\/v2\/pages\/2911"}],"collection":[{"href":"https:\/\/www.varkim.com.tr\/index.php?rest_route=\/wp\/v2\/pages"}],"about":[{"href":"https:\/\/www.varkim.com.tr\/index.php?rest_route=\/wp\/v2\/types\/page"}],"author":[{"embeddable":true,"href":"https:\/\/www.varkim.com.tr\/index.php?rest_route=\/wp\/v2\/users\/1"}],"replies":[{"embeddable":true,"href":"https:\/\/www.varkim.com.tr\/index.php?rest_route=%2Fwp%2Fv2%2Fcomments&post=2911"}],"version-history":[{"count":7,"href":"https:\/\/www.varkim.com.tr\/index.php?rest_route=\/wp\/v2\/pages\/2911\/revisions"}],"predecessor-version":[{"id":4958,"href":"https:\/\/www.varkim.com.tr\/index.php?rest_route=\/wp\/v2\/pages\/2911\/revisions\/4958"}],"wp:attachment":[{"href":"https:\/\/www.varkim.com.tr\/index.php?rest_route=%2Fwp%2Fv2%2Fmedia&parent=2911"}],"curies":[{"name":"wp","href":"https:\/\/api.w.org\/{rel}","templated":true}]}}