{"id":1563,"date":"2014-02-03T09:41:27","date_gmt":"2014-02-03T09:41:27","guid":{"rendered":"http:\/\/dem2.olevmedia.net\/beep\/?page_id=1563"},"modified":"2025-05-16T16:30:21","modified_gmt":"2025-05-16T13:30:21","slug":"contact-us-2","status":"publish","type":"page","link":"https:\/\/www.varkim.com.tr\/?page_id=1563","title":{"rendered":"\u0130leti\u015fim"},"content":{"rendered":"<div class=\"omsc-full-width-section\" style=\"background-color:#e7eff2;color:#666666;background-image:url(http:\/\/m.olevmedia.net\/wp-content\/uploads\/2014\/01\/corridor2.jpg);background-size: cover;background-attachment:fixed\"><div class=\"omsc-full-width-section-inner\"><div class=\"omsc-full-width-section-content\"><div class=\"container\"><div class=\"container-inner\"><br \/>\n<iframe loading=\"lazy\" style=\"border: 0;\" src=\"https:\/\/www.google.com\/maps\/embed?pb=!1m14!1m8!1m3!1d10548.436616940591!2d27.362738684942556!3d38.18507201586905!3m2!1i1024!2i768!4f13.1!3m3!1m2!1s0x0%3A0x84d82401756abd56!2sVarkim%20End%C3%BCstri%20ve%20Yap%C4%B1%20Kimyasallar%C4%B1%20%C4%B0n%C5%9Faat%20San.ve%20Tic.%20Ltd.%20%C5%9Eti!5e0!3m2!1str!2str!4v1580986401741!5m2!1str!2str\" width=\"1200\" height=\"300\" frameborder=\"0\" allowfullscreen=\"allowfullscreen\"><\/iframe> <div class=\"omsc-one-third\">\n<h3>Kalitede Ustay\u0131z!<\/h3>\n<p><div class=\"omsc-clear\" style=\"height:6px\"><\/div><img class=\"lazyload\" loading=\"lazy\" style=\"line-height: 1.5em;\" data-original=\"wp-content\/uploads\/2018\/01\/ilet.png\" alt=\"2201-02\" width=\"1000\" height=\"630\" \/>Bilgi i\u00e7in +90 232 232 0003 bizi arayabilir veya info@varkim.com.tr mail g\u00f6nderebilirsiniz.<\/p>\n<p>Hep birlikte sa\u011fl\u0131kl\u0131 ve bol kazan\u00e7l\u0131 g\u00fcnleri payla\u015fmak dileklerimizle&#8230;<\/p>\n<p>Sayg\u0131lar\u0131m\u0131zla&#8230;<\/p>\n<p><div class=\"clear\"><\/div><\/div><div class=\"omsc-one-third\">\n<h3>Mesaj G\u00f6nder<\/h3>\n<p><iframe loading=\"lazy\" style=\"width: 100%; height: 523px; border: none;\" src=\"http:\/\/form.jotform.net\/form\/20281231681\" width=\"320\" height=\"240\" frameborder=\"0\" scrolling=\"no\"><\/iframe><\/p>\n<p><div class=\"clear\"><\/div><\/div><div class=\"omsc-one-third omsc-last\">\n<h3>\u00c7al\u0131\u015fma Saatleri<\/h3>\n<p><strong><span style=\"text-decoration: underline;\">Hafta \u0130\u00e7i:<\/span> <\/strong>08.30 \u2013 18.00<\/p>\n<p><span style=\"text-decoration: underline;\"><strong>Hafta Sonu:<\/strong><\/span><br \/>\n<strong>Cumartesi:<\/strong> 08.30 \u2013 13.00<\/p>\n<h3>Sat\u0131\u015f &amp; Pazarlama<\/h3>\n<p><i class=\"omsc-icon fa fa-mobile phone omsc-icon-color-theme omsc-with-border omsc-border-color-theme\" style=\"\"><\/i> +9<span class=\"selectable-text copyable-text false\">0 539 925 15 56<\/span><\/p>\n<p><i class=\"omsc-icon fa fa-envelope-o omsc-icon-color-theme omsc-with-border omsc-border-color-theme\" style=\"\"><\/i> pazarlama@varkim.com.tr<\/p>\n<h3>Adres<\/h3>\n<p><i class=\"omsc-icon fa fa-map-marker omsc-icon-color-theme omsc-with-border omsc-border-color-theme\" style=\"\"><\/i> Yedi Eyl\u00fcl Mahallesi, 5549 Sokak, No:61\/1, Bina No:2, Torbal\u0131\/\u0130ZM\u0130R<\/p>\n<h3>Santral<\/h3>\n<p><i class=\"omsc-icon fa fa-phone omsc-icon-color-theme omsc-with-border omsc-border-color-theme\" style=\"\"><\/i> +90 232 232 00 03<\/p>\n<p><i class=\"omsc-icon fa fa-fax omsc-icon-color-theme omsc-with-border omsc-border-color-theme\" style=\"\"><\/i> +90 232 232 00 04<\/p>\n<p><i class=\"omsc-icon fa fa-mobile phone omsc-icon-color-theme omsc-with-border omsc-border-color-theme\" style=\"\"><\/i> +90 555 194 30 05<\/p>\n<p><i class=\"omsc-icon fa fa-envelope-o omsc-icon-color-theme omsc-with-border omsc-border-color-theme\" style=\"\"><\/i> info@varkim.com.tr<\/p>\n<p><div class=\"clear\"><\/div><\/div><div class=\"omsc-clear\"><\/div><\/p>\n<p><\/div><\/div><\/div><\/div><\/div>\n","protected":false},"excerpt":{"rendered":"","protected":false},"author":1,"featured_media":0,"parent":0,"menu_order":0,"comment_status":"open","ping_status":"open","template":"template-100width.php","meta":[],"_links":{"self":[{"href":"https:\/\/www.varkim.com.tr\/index.php?rest_route=\/wp\/v2\/pages\/1563"}],"collection":[{"href":"https:\/\/www.varkim.com.tr\/index.php?rest_route=\/wp\/v2\/pages"}],"about":[{"href":"https:\/\/www.varkim.com.tr\/index.php?rest_route=\/wp\/v2\/types\/page"}],"author":[{"embeddable":true,"href":"https:\/\/www.varkim.com.tr\/index.php?rest_route=\/wp\/v2\/users\/1"}],"replies":[{"embeddable":true,"href":"https:\/\/www.varkim.com.tr\/index.php?rest_route=%2Fwp%2Fv2%2Fcomments&post=1563"}],"version-history":[{"count":33,"href":"https:\/\/www.varkim.com.tr\/index.php?rest_route=\/wp\/v2\/pages\/1563\/revisions"}],"predecessor-version":[{"id":5466,"href":"https:\/\/www.varkim.com.tr\/index.php?rest_route=\/wp\/v2\/pages\/1563\/revisions\/5466"}],"wp:attachment":[{"href":"https:\/\/www.varkim.com.tr\/index.php?rest_route=%2Fwp%2Fv2%2Fmedia&parent=1563"}],"curies":[{"name":"wp","href":"https:\/\/api.w.org\/{rel}","templated":true}]}}